{"id":105846,"date":"2021-07-01T16:14:45","date_gmt":"2021-07-01T13:14:45","guid":{"rendered":"https:\/\/dev.tactic.net\/tuote\/active-play-giant-tower-in-cardboard-box\/"},"modified":"2023-10-06T18:35:23","modified_gmt":"2023-10-06T15:35:23","slug":"active-play-giant-tower-in-cardboard-box","status":"publish","type":"product","link":"https:\/\/games.tactic.net\/da\/tuote\/active-play-giant-tower-in-cardboard-box\/","title":{"rendered":"Tactic Active Play Giant Tower"},"content":{"rendered":"<p>Byg t\u00e5rnet op ved at tr\u00e6kke \u00e9n klods ud ad gangen og placere den p\u00e5 toppen. Men v\u00e6r forsigtig, for spilleren, der f\u00e5r t\u00e5rnet til at brase sammen, taber spillet! Et klassisk spil for hele familien og alle med rolige h\u00e6nder.<\/p>\n","protected":false},"excerpt":{"rendered":"<p>Byg t\u00e5rnet op ved at tr\u00e6kke \u00e9n klods ud ad gangen og placere den p\u00e5 toppen. Men v\u00e6r forsigtig, for spilleren, der f\u00e5r t\u00e5rnet til at brase sammen, taber spillet! Et klassisk spil for hele familien og alle med rolige h\u00e6nder.<\/p>\n","protected":false},"featured_media":0,"template":"","meta":{"content-type":"","_monsterinsights_skip_tracking":false,"_monsterinsights_sitenote_active":false,"_monsterinsights_sitenote_note":"","_monsterinsights_sitenote_category":0},"product_brand":[],"product_cat":[1627,1628],"product_tag":[1002,1237],"brand":[],"target-group":[],"discontinued":[],"class_list":{"0":"post-105846","1":"product","2":"type-product","3":"status-publish","5":"product_cat-active-play-udendoers-spil","6":"product_cat-active-play-bornespil","7":"product_tag-held","8":"product_tag-strategi-da","10":"first","11":"instock","12":"taxable","13":"shipping-taxable","14":"product-type-simple"},"aioseo_notices":[],"_links":{"self":[{"href":"https:\/\/games.tactic.net\/da\/wp-json\/wp\/v2\/product\/105846","targetHints":{"allow":["GET"]}}],"collection":[{"href":"https:\/\/games.tactic.net\/da\/wp-json\/wp\/v2\/product"}],"about":[{"href":"https:\/\/games.tactic.net\/da\/wp-json\/wp\/v2\/types\/product"}],"wp:attachment":[{"href":"https:\/\/games.tactic.net\/da\/wp-json\/wp\/v2\/media?parent=105846"}],"wp:term":[{"taxonomy":"product_brand","embeddable":true,"href":"https:\/\/games.tactic.net\/da\/wp-json\/wp\/v2\/product_brand?post=105846"},{"taxonomy":"product_cat","embeddable":true,"href":"https:\/\/games.tactic.net\/da\/wp-json\/wp\/v2\/product_cat?post=105846"},{"taxonomy":"product_tag","embeddable":true,"href":"https:\/\/games.tactic.net\/da\/wp-json\/wp\/v2\/product_tag?post=105846"},{"taxonomy":"brand","embeddable":true,"href":"https:\/\/games.tactic.net\/da\/wp-json\/wp\/v2\/brand?post=105846"},{"taxonomy":"target-group","embeddable":true,"href":"https:\/\/games.tactic.net\/da\/wp-json\/wp\/v2\/target-group?post=105846"},{"taxonomy":"discontinued","embeddable":true,"href":"https:\/\/games.tactic.net\/da\/wp-json\/wp\/v2\/discontinued?post=105846"}],"curies":[{"name":"wp","href":"https:\/\/api.w.org\/{rel}","templated":true}]}}