{"id":105752,"date":"2021-07-01T16:02:23","date_gmt":"2021-07-01T13:02:23","guid":{"rendered":"https:\/\/dev.tactic.net\/tuote\/active-play-ram-daasen\/"},"modified":"2025-10-29T09:24:19","modified_gmt":"2025-10-29T07:24:19","slug":"active-play-ram-daasen","status":"archive","type":"product","link":"https:\/\/games.tactic.net\/da\/tuote\/active-play-ram-daasen\/","title":{"rendered":"Tactic Active Play Hit the Tin"},"content":{"rendered":"<p>Byg, sigt og ram. Hvem f\u00e5r flest point? Dette klassiske udend\u00f8rsspil passer b\u00e5de b\u00f8rn og voksne.<\/p>\n","protected":false},"excerpt":{"rendered":"<p>Byg, sigt og ram. Hvem f\u00e5r flest point? Dette klassiske udend\u00f8rsspil passer b\u00e5de b\u00f8rn og voksne.<\/p>\n","protected":false},"featured_media":0,"template":"","meta":{"content-type":"","_monsterinsights_skip_tracking":false,"_monsterinsights_sitenote_active":false,"_monsterinsights_sitenote_note":"","_monsterinsights_sitenote_category":0},"product_brand":[],"product_cat":[1628,1627],"product_tag":[1223,1250],"brand":[],"target-group":[],"discontinued":[],"class_list":{"0":"post-105752","1":"product","2":"type-product","3":"status-archive","5":"product_cat-active-play-bornespil","6":"product_cat-active-play-udendoers-spil","7":"product_tag-aktive-da","8":"product_tag-faerdighed-da","10":"first","11":"outofstock","12":"taxable","13":"shipping-taxable","14":"product-type-simple"},"aioseo_notices":[],"_links":{"self":[{"href":"https:\/\/games.tactic.net\/da\/wp-json\/wp\/v2\/product\/105752","targetHints":{"allow":["GET"]}}],"collection":[{"href":"https:\/\/games.tactic.net\/da\/wp-json\/wp\/v2\/product"}],"about":[{"href":"https:\/\/games.tactic.net\/da\/wp-json\/wp\/v2\/types\/product"}],"wp:attachment":[{"href":"https:\/\/games.tactic.net\/da\/wp-json\/wp\/v2\/media?parent=105752"}],"wp:term":[{"taxonomy":"product_brand","embeddable":true,"href":"https:\/\/games.tactic.net\/da\/wp-json\/wp\/v2\/product_brand?post=105752"},{"taxonomy":"product_cat","embeddable":true,"href":"https:\/\/games.tactic.net\/da\/wp-json\/wp\/v2\/product_cat?post=105752"},{"taxonomy":"product_tag","embeddable":true,"href":"https:\/\/games.tactic.net\/da\/wp-json\/wp\/v2\/product_tag?post=105752"},{"taxonomy":"brand","embeddable":true,"href":"https:\/\/games.tactic.net\/da\/wp-json\/wp\/v2\/brand?post=105752"},{"taxonomy":"target-group","embeddable":true,"href":"https:\/\/games.tactic.net\/da\/wp-json\/wp\/v2\/target-group?post=105752"},{"taxonomy":"discontinued","embeddable":true,"href":"https:\/\/games.tactic.net\/da\/wp-json\/wp\/v2\/discontinued?post=105752"}],"curies":[{"name":"wp","href":"https:\/\/api.w.org\/{rel}","templated":true}]}}