{"id":105657,"date":"2021-07-01T15:44:15","date_gmt":"2021-07-01T12:44:15","guid":{"rendered":"https:\/\/dev.tactic.net\/tuote\/active-play-4-paa-raekke-gigant\/"},"modified":"2025-09-04T08:58:13","modified_gmt":"2025-09-04T05:58:13","slug":"active-play-4-paa-raekke-gigant","status":"archive","type":"product","link":"https:\/\/games.tactic.net\/da\/tuote\/active-play-4-paa-raekke-gigant\/","title":{"rendered":"Tactic Active Play 4 p\u00e5 r\u00e6kke, Gigant"},"content":{"rendered":"<p>En gigantisk tr\u00e6version af et klassisk spil. Pr\u00f8v at f\u00e5 fire p\u00e5 r\u00e6kke.<\/p>\n","protected":false},"excerpt":{"rendered":"<p>En gigantisk tr\u00e6version af et klassisk spil. Pr\u00f8v at f\u00e5 fire p\u00e5 r\u00e6kke.<\/p>\n","protected":false},"featured_media":0,"template":"","meta":{"content-type":"","_monsterinsights_skip_tracking":false,"_monsterinsights_sitenote_active":false,"_monsterinsights_sitenote_note":"","_monsterinsights_sitenote_category":0},"product_brand":[],"product_cat":[1627,1628],"product_tag":[1232,1237],"brand":[],"target-group":[],"discontinued":[],"class_list":{"0":"post-105657","1":"product","2":"type-product","3":"status-archive","5":"product_cat-active-play-udendoers-spil","6":"product_cat-active-play-bornespil","7":"product_tag-kombinere-da","8":"product_tag-strategi-da","10":"first","11":"outofstock","12":"taxable","13":"shipping-taxable","14":"product-type-simple"},"aioseo_notices":[],"_links":{"self":[{"href":"https:\/\/games.tactic.net\/da\/wp-json\/wp\/v2\/product\/105657","targetHints":{"allow":["GET"]}}],"collection":[{"href":"https:\/\/games.tactic.net\/da\/wp-json\/wp\/v2\/product"}],"about":[{"href":"https:\/\/games.tactic.net\/da\/wp-json\/wp\/v2\/types\/product"}],"wp:attachment":[{"href":"https:\/\/games.tactic.net\/da\/wp-json\/wp\/v2\/media?parent=105657"}],"wp:term":[{"taxonomy":"product_brand","embeddable":true,"href":"https:\/\/games.tactic.net\/da\/wp-json\/wp\/v2\/product_brand?post=105657"},{"taxonomy":"product_cat","embeddable":true,"href":"https:\/\/games.tactic.net\/da\/wp-json\/wp\/v2\/product_cat?post=105657"},{"taxonomy":"product_tag","embeddable":true,"href":"https:\/\/games.tactic.net\/da\/wp-json\/wp\/v2\/product_tag?post=105657"},{"taxonomy":"brand","embeddable":true,"href":"https:\/\/games.tactic.net\/da\/wp-json\/wp\/v2\/brand?post=105657"},{"taxonomy":"target-group","embeddable":true,"href":"https:\/\/games.tactic.net\/da\/wp-json\/wp\/v2\/target-group?post=105657"},{"taxonomy":"discontinued","embeddable":true,"href":"https:\/\/games.tactic.net\/da\/wp-json\/wp\/v2\/discontinued?post=105657"}],"curies":[{"name":"wp","href":"https:\/\/api.w.org\/{rel}","templated":true}]}}