{"id":1048719,"date":"2023-10-23T12:28:38","date_gmt":"2023-10-23T09:28:38","guid":{"rendered":"https:\/\/games.tactic.net\/tuote\/tz-monster-moverz-panther-motorbike\/"},"modified":"2025-04-29T10:22:37","modified_gmt":"2025-04-29T07:22:37","slug":"tz-monster-moverz-panther-motorbike","status":"archive","type":"product","link":"https:\/\/games.tactic.net\/da\/tuote\/tz-monster-moverz-panther-motorbike\/","title":{"rendered":"Teamsterz Monster Moverz Panther motorbike toy"},"content":{"rendered":"<p>Teamsterz Monster Moverz Night Panther Motorcykel. Tryk p\u00e5 knappen for at h\u00f8re motoren starte, mens motorcyklen k\u00f8rer fremad, tryk derefter p\u00e5 den anden interaktive knap og se, hvordan motercykelhjulet lyser op og spiller musik.  V\u00e6lge mellem 2 forskellige farver (lilla og gr\u00f8n \/ sort og orange).. Batterier medf\u00f8lger 3 x AAA. Fra 3 \u00e5r<\/p>\n","protected":false},"excerpt":{"rendered":"<p>Teamsterz Monster Moverz Panther motorcykel med lyd og lys.<\/p>\n","protected":false},"featured_media":0,"template":"","meta":{"content-type":"","_monsterinsights_skip_tracking":false,"_monsterinsights_sitenote_active":false,"_monsterinsights_sitenote_note":"","_monsterinsights_sitenote_category":0},"product_brand":[],"product_cat":[1615],"product_tag":[],"brand":[],"target-group":[],"discontinued":[],"class_list":{"0":"post-1048719","1":"product","2":"type-product","3":"status-archive","5":"product_cat-teamsterz-legetoej","7":"first","8":"outofstock","9":"taxable","10":"shipping-taxable","11":"product-type-simple"},"aioseo_notices":[],"_links":{"self":[{"href":"https:\/\/games.tactic.net\/da\/wp-json\/wp\/v2\/product\/1048719","targetHints":{"allow":["GET"]}}],"collection":[{"href":"https:\/\/games.tactic.net\/da\/wp-json\/wp\/v2\/product"}],"about":[{"href":"https:\/\/games.tactic.net\/da\/wp-json\/wp\/v2\/types\/product"}],"wp:attachment":[{"href":"https:\/\/games.tactic.net\/da\/wp-json\/wp\/v2\/media?parent=1048719"}],"wp:term":[{"taxonomy":"product_brand","embeddable":true,"href":"https:\/\/games.tactic.net\/da\/wp-json\/wp\/v2\/product_brand?post=1048719"},{"taxonomy":"product_cat","embeddable":true,"href":"https:\/\/games.tactic.net\/da\/wp-json\/wp\/v2\/product_cat?post=1048719"},{"taxonomy":"product_tag","embeddable":true,"href":"https:\/\/games.tactic.net\/da\/wp-json\/wp\/v2\/product_tag?post=1048719"},{"taxonomy":"brand","embeddable":true,"href":"https:\/\/games.tactic.net\/da\/wp-json\/wp\/v2\/brand?post=1048719"},{"taxonomy":"target-group","embeddable":true,"href":"https:\/\/games.tactic.net\/da\/wp-json\/wp\/v2\/target-group?post=1048719"},{"taxonomy":"discontinued","embeddable":true,"href":"https:\/\/games.tactic.net\/da\/wp-json\/wp\/v2\/discontinued?post=1048719"}],"curies":[{"name":"wp","href":"https:\/\/api.w.org\/{rel}","templated":true}]}}