{"id":1048703,"date":"2023-10-23T12:28:27","date_gmt":"2023-10-23T09:28:27","guid":{"rendered":"https:\/\/games.tactic.net\/tuote\/tz-monster-minis-ls-dino\/"},"modified":"2025-12-08T09:50:55","modified_gmt":"2025-12-08T07:50:55","slug":"tz-monster-minis-ls-dino","status":"archive","type":"product","link":"https:\/\/games.tactic.net\/da\/tuote\/tz-monster-minis-ls-dino\/","title":{"rendered":"Teamsterz Monster Minis Dino with LS toy"},"content":{"rendered":"<p>Monster Minis Dino Light &amp; Sound Funktioner r\u00f8de blinkende lys, motor- og monsterlyde! Skub den for at udl\u00f8se de klappende k\u00e6ber! Batterier medf\u00f8lger 3 x LR44\/AG13. Fra 3 \u00e5r.<\/p>\n","protected":false},"excerpt":{"rendered":"<p>Teamsterz Mighty Machines &#8211; Monster Minis dinosaurer med lys og lyd<\/p>\n","protected":false},"featured_media":0,"template":"","meta":{"content-type":"","_monsterinsights_skip_tracking":false,"_monsterinsights_sitenote_active":false,"_monsterinsights_sitenote_note":"","_monsterinsights_sitenote_category":0},"product_brand":[],"product_cat":[1615],"product_tag":[],"brand":[],"target-group":[],"discontinued":[],"class_list":{"0":"post-1048703","1":"product","2":"type-product","3":"status-archive","5":"product_cat-teamsterz-legetoej","7":"first","8":"outofstock","9":"taxable","10":"shipping-taxable","11":"product-type-simple"},"aioseo_notices":[],"_links":{"self":[{"href":"https:\/\/games.tactic.net\/da\/wp-json\/wp\/v2\/product\/1048703","targetHints":{"allow":["GET"]}}],"collection":[{"href":"https:\/\/games.tactic.net\/da\/wp-json\/wp\/v2\/product"}],"about":[{"href":"https:\/\/games.tactic.net\/da\/wp-json\/wp\/v2\/types\/product"}],"wp:attachment":[{"href":"https:\/\/games.tactic.net\/da\/wp-json\/wp\/v2\/media?parent=1048703"}],"wp:term":[{"taxonomy":"product_brand","embeddable":true,"href":"https:\/\/games.tactic.net\/da\/wp-json\/wp\/v2\/product_brand?post=1048703"},{"taxonomy":"product_cat","embeddable":true,"href":"https:\/\/games.tactic.net\/da\/wp-json\/wp\/v2\/product_cat?post=1048703"},{"taxonomy":"product_tag","embeddable":true,"href":"https:\/\/games.tactic.net\/da\/wp-json\/wp\/v2\/product_tag?post=1048703"},{"taxonomy":"brand","embeddable":true,"href":"https:\/\/games.tactic.net\/da\/wp-json\/wp\/v2\/brand?post=1048703"},{"taxonomy":"target-group","embeddable":true,"href":"https:\/\/games.tactic.net\/da\/wp-json\/wp\/v2\/target-group?post=1048703"},{"taxonomy":"discontinued","embeddable":true,"href":"https:\/\/games.tactic.net\/da\/wp-json\/wp\/v2\/discontinued?post=1048703"}],"curies":[{"name":"wp","href":"https:\/\/api.w.org\/{rel}","templated":true}]}}