{"id":1048687,"date":"2023-10-23T12:28:14","date_gmt":"2023-10-23T09:28:14","guid":{"rendered":"https:\/\/games.tactic.net\/tuote\/tz-monster-jaws-single-truck-4-in-blister\/"},"modified":"2025-04-29T10:34:42","modified_gmt":"2025-04-29T07:34:42","slug":"tz-monster-jaws-single-truck-4-in-blister","status":"archive","type":"product","link":"https:\/\/games.tactic.net\/da\/tuote\/tz-monster-jaws-single-truck-4-in-blister\/","title":{"rendered":"Teamsterz Beast Machines Monster Jaws toy"},"content":{"rendered":"<p>Beast Machines Monster Jaws &#8211; Detaljer i h\u00f8j kvalitet i st\u00f8bt metal og med gode hjul. Udl\u00f8st af friktion.<br \/>\nSkub for at se munden spise sig frem til sit m\u00e5l. masse autentiske og seje detaljer i forskellige designs.<\/p>\n","protected":false},"excerpt":{"rendered":"<p>Beast Machines &#8211; Monster Jaws Single Die-cast Blister<\/p>\n","protected":false},"featured_media":0,"template":"","meta":{"content-type":"","_monsterinsights_skip_tracking":false,"_monsterinsights_sitenote_active":false,"_monsterinsights_sitenote_note":"","_monsterinsights_sitenote_category":0},"product_brand":[],"product_cat":[1615],"product_tag":[],"brand":[],"target-group":[],"discontinued":[],"class_list":{"0":"post-1048687","1":"product","2":"type-product","3":"status-archive","5":"product_cat-teamsterz-legetoej","7":"first","8":"outofstock","9":"taxable","10":"shipping-taxable","11":"product-type-simple"},"aioseo_notices":[],"_links":{"self":[{"href":"https:\/\/games.tactic.net\/da\/wp-json\/wp\/v2\/product\/1048687","targetHints":{"allow":["GET"]}}],"collection":[{"href":"https:\/\/games.tactic.net\/da\/wp-json\/wp\/v2\/product"}],"about":[{"href":"https:\/\/games.tactic.net\/da\/wp-json\/wp\/v2\/types\/product"}],"wp:attachment":[{"href":"https:\/\/games.tactic.net\/da\/wp-json\/wp\/v2\/media?parent=1048687"}],"wp:term":[{"taxonomy":"product_brand","embeddable":true,"href":"https:\/\/games.tactic.net\/da\/wp-json\/wp\/v2\/product_brand?post=1048687"},{"taxonomy":"product_cat","embeddable":true,"href":"https:\/\/games.tactic.net\/da\/wp-json\/wp\/v2\/product_cat?post=1048687"},{"taxonomy":"product_tag","embeddable":true,"href":"https:\/\/games.tactic.net\/da\/wp-json\/wp\/v2\/product_tag?post=1048687"},{"taxonomy":"brand","embeddable":true,"href":"https:\/\/games.tactic.net\/da\/wp-json\/wp\/v2\/brand?post=1048687"},{"taxonomy":"target-group","embeddable":true,"href":"https:\/\/games.tactic.net\/da\/wp-json\/wp\/v2\/target-group?post=1048687"},{"taxonomy":"discontinued","embeddable":true,"href":"https:\/\/games.tactic.net\/da\/wp-json\/wp\/v2\/discontinued?post=1048687"}],"curies":[{"name":"wp","href":"https:\/\/api.w.org\/{rel}","templated":true}]}}