{"id":104463,"date":"2021-06-30T15:30:10","date_gmt":"2021-06-30T12:30:10","guid":{"rendered":"https:\/\/dev.tactic.net\/tuote\/lumo-stars-cat-forest-mini\/"},"modified":"2022-07-27T13:33:29","modified_gmt":"2022-07-27T10:33:29","slug":"lumo-stars-cat-forest-mini","status":"archive","type":"product","link":"https:\/\/games.tactic.net\/da\/tuote\/lumo-stars-cat-forest-mini\/","title":{"rendered":"Lumo Stars Cat Forest &#8211; Mini"},"content":{"rendered":"<div>\n<div>Mini 8,5 cm.<\/div>\n<div><\/div>\n<div>Samlbar baby dyr plys. Glad, huggable, venlig, rar og s\u00f8d. Vi smiler mere! S\u00f8d Northern Brights plys kollektion er baseret p\u00e5 den \u00e6gte nordiske natur og dyreliv. Finsk design.<\/div>\n<div><\/div>\n<div><i>*Miaav!* Jeg elsker at jage mus og fugle. Det er nemlig det, vi katte er bedst til &#8211; eller hvad? Kom og leg med mig!<\/i><\/div>\n<\/div>\n<div><i><br \/><\/i><\/div>\n<div><img decoding=\"async\" src=\"http:\/\/www.tactic.net\/img\/nuoli.png\" alt=\"Nuoli\" align=\"none\"><a href=\"http:\/\/www.lumostars.com\/\" title=\"lumostars.com\" target=\"_blank\" rel=\"noopener\">www.lumostars.com<\/a><\/div>\n","protected":false},"excerpt":{"rendered":"<p>Mini 8,5 cm.<\/p>\n","protected":false},"featured_media":0,"template":"","meta":{"content-type":"","_monsterinsights_skip_tracking":false,"_monsterinsights_sitenote_active":false,"_monsterinsights_sitenote_note":"","_monsterinsights_sitenote_category":0},"product_brand":[],"product_cat":[1642],"product_tag":[1262],"brand":[{"id":1020,"name":"Lumo Stars","slug":"lumo-stars_dk"}],"target-group":[],"discontinued":[],"class_list":{"0":"post-104463","1":"product","2":"type-product","3":"status-archive","5":"product_cat-mini-bamser-lumo-stars-6","6":"product_tag-lumo-stars-da","7":"brand-lumo-stars_dk","9":"first","10":"outofstock","11":"taxable","12":"shipping-taxable","13":"product-type-simple"},"aioseo_notices":[],"_links":{"self":[{"href":"https:\/\/games.tactic.net\/da\/wp-json\/wp\/v2\/product\/104463","targetHints":{"allow":["GET"]}}],"collection":[{"href":"https:\/\/games.tactic.net\/da\/wp-json\/wp\/v2\/product"}],"about":[{"href":"https:\/\/games.tactic.net\/da\/wp-json\/wp\/v2\/types\/product"}],"wp:attachment":[{"href":"https:\/\/games.tactic.net\/da\/wp-json\/wp\/v2\/media?parent=104463"}],"wp:term":[{"taxonomy":"product_brand","embeddable":true,"href":"https:\/\/games.tactic.net\/da\/wp-json\/wp\/v2\/product_brand?post=104463"},{"taxonomy":"product_cat","embeddable":true,"href":"https:\/\/games.tactic.net\/da\/wp-json\/wp\/v2\/product_cat?post=104463"},{"taxonomy":"product_tag","embeddable":true,"href":"https:\/\/games.tactic.net\/da\/wp-json\/wp\/v2\/product_tag?post=104463"},{"taxonomy":"brand","embeddable":true,"href":"https:\/\/games.tactic.net\/da\/wp-json\/wp\/v2\/brand?post=104463"},{"taxonomy":"target-group","embeddable":true,"href":"https:\/\/games.tactic.net\/da\/wp-json\/wp\/v2\/target-group?post=104463"},{"taxonomy":"discontinued","embeddable":true,"href":"https:\/\/games.tactic.net\/da\/wp-json\/wp\/v2\/discontinued?post=104463"}],"curies":[{"name":"wp","href":"https:\/\/api.w.org\/{rel}","templated":true}]}}