{"id":1035194,"date":"2023-10-20T19:07:32","date_gmt":"2023-10-20T16:07:32","guid":{"rendered":"https:\/\/games.tactic.net\/tuote\/tz-tiny-teamsterz-tumblers-launch-garage\/"},"modified":"2025-08-25T10:42:33","modified_gmt":"2025-08-25T07:42:33","slug":"tz-tiny-teamsterz-tumblers-launch-garage","status":"archive","type":"product","link":"https:\/\/games.tactic.net\/da\/tuote\/tz-tiny-teamsterz-tumblers-launch-garage\/","title":{"rendered":"Tiny Teamsterz Tumblers Headquarters Garage toy"},"content":{"rendered":"<p>Hop ind i &#8220;eventyr med fart p\u00e5&#8221; med Tiny Teamsterz Tumblers hovedkvartersgarage incl 3 biler! Tryk p\u00e5 knappen og se lygterne blinker, h\u00f8re sirenerne spille, og se bilerne vende i gang og k\u00f8re af sted til ulykkesstedet. Tryk p\u00e5 knappen for at starte alle 3 biler p\u00e5 samme tid eller udl\u00f8s dem individuelt med de separate tip launchers. De bl\u00f8de, afrundede, tykke biler med lokkende lyse farver er perfekte til sm\u00e5 h\u00e6nder og stimulerer barnets sind. Det lille Teamsterz hovedkvarter med 3 biler er den perfekte gave til enhver lille chauff\u00f8r, der tilbyder timevis af fantasifuld sjov! Velegnet til alderen 12 m\u00e5neder+<\/p>\n","protected":false},"excerpt":{"rendered":"<p>Tiny Teamsters Tumblers garage &#8211; med lys og sirener. Incl 3 biler.<\/p>\n","protected":false},"featured_media":0,"template":"","meta":{"content-type":"","_monsterinsights_skip_tracking":false,"_monsterinsights_sitenote_active":false,"_monsterinsights_sitenote_note":"","_monsterinsights_sitenote_category":0},"product_brand":[],"product_cat":[1615],"product_tag":[],"brand":[],"target-group":[],"discontinued":[],"class_list":{"0":"post-1035194","1":"product","2":"type-product","3":"status-archive","5":"product_cat-teamsterz-legetoej","7":"first","8":"outofstock","9":"taxable","10":"shipping-taxable","11":"product-type-simple"},"aioseo_notices":[],"_links":{"self":[{"href":"https:\/\/games.tactic.net\/da\/wp-json\/wp\/v2\/product\/1035194","targetHints":{"allow":["GET"]}}],"collection":[{"href":"https:\/\/games.tactic.net\/da\/wp-json\/wp\/v2\/product"}],"about":[{"href":"https:\/\/games.tactic.net\/da\/wp-json\/wp\/v2\/types\/product"}],"wp:attachment":[{"href":"https:\/\/games.tactic.net\/da\/wp-json\/wp\/v2\/media?parent=1035194"}],"wp:term":[{"taxonomy":"product_brand","embeddable":true,"href":"https:\/\/games.tactic.net\/da\/wp-json\/wp\/v2\/product_brand?post=1035194"},{"taxonomy":"product_cat","embeddable":true,"href":"https:\/\/games.tactic.net\/da\/wp-json\/wp\/v2\/product_cat?post=1035194"},{"taxonomy":"product_tag","embeddable":true,"href":"https:\/\/games.tactic.net\/da\/wp-json\/wp\/v2\/product_tag?post=1035194"},{"taxonomy":"brand","embeddable":true,"href":"https:\/\/games.tactic.net\/da\/wp-json\/wp\/v2\/brand?post=1035194"},{"taxonomy":"target-group","embeddable":true,"href":"https:\/\/games.tactic.net\/da\/wp-json\/wp\/v2\/target-group?post=1035194"},{"taxonomy":"discontinued","embeddable":true,"href":"https:\/\/games.tactic.net\/da\/wp-json\/wp\/v2\/discontinued?post=1035194"}],"curies":[{"name":"wp","href":"https:\/\/api.w.org\/{rel}","templated":true}]}}