{"id":1035050,"date":"2023-10-20T18:53:57","date_gmt":"2023-10-20T15:53:57","guid":{"rendered":"https:\/\/games.tactic.net\/tuote\/tz-beast-machine-t-rex-transporter\/"},"modified":"2025-12-16T10:24:48","modified_gmt":"2025-12-16T08:24:48","slug":"tz-beast-machine-t-rex-transporter","status":"archive","type":"product","link":"https:\/\/games.tactic.net\/da\/tuote\/tz-beast-machine-t-rex-transporter\/","title":{"rendered":"Teamsterz Beast Machines T-Rex Transporter toy"},"content":{"rendered":"<p>Beast Machines T-rex Transporter &#8211; har lys og lyde, en indbygget fartrampe, en missilaffyring. Der f\u00f8lger 2 Beast Machines bil + 2 die-cast biler og 2 dino figurer. Der er plads til at v\u00e6re 20 biler i dinosauren. Batterier medf\u00f8lger<\/p>\n","protected":false},"excerpt":{"rendered":"<p>Teamsterz Beast Machines T-Rex Transporter toy<\/p>\n","protected":false},"featured_media":0,"template":"","meta":{"content-type":"","_monsterinsights_skip_tracking":false,"_monsterinsights_sitenote_active":false,"_monsterinsights_sitenote_note":"","_monsterinsights_sitenote_category":0},"product_brand":[],"product_cat":[1615],"product_tag":[],"brand":[],"target-group":[],"discontinued":[],"class_list":{"0":"post-1035050","1":"product","2":"type-product","3":"status-archive","5":"product_cat-teamsterz-legetoej","7":"first","8":"outofstock","9":"taxable","10":"shipping-taxable","11":"product-type-simple"},"aioseo_notices":[],"_links":{"self":[{"href":"https:\/\/games.tactic.net\/da\/wp-json\/wp\/v2\/product\/1035050","targetHints":{"allow":["GET"]}}],"collection":[{"href":"https:\/\/games.tactic.net\/da\/wp-json\/wp\/v2\/product"}],"about":[{"href":"https:\/\/games.tactic.net\/da\/wp-json\/wp\/v2\/types\/product"}],"wp:attachment":[{"href":"https:\/\/games.tactic.net\/da\/wp-json\/wp\/v2\/media?parent=1035050"}],"wp:term":[{"taxonomy":"product_brand","embeddable":true,"href":"https:\/\/games.tactic.net\/da\/wp-json\/wp\/v2\/product_brand?post=1035050"},{"taxonomy":"product_cat","embeddable":true,"href":"https:\/\/games.tactic.net\/da\/wp-json\/wp\/v2\/product_cat?post=1035050"},{"taxonomy":"product_tag","embeddable":true,"href":"https:\/\/games.tactic.net\/da\/wp-json\/wp\/v2\/product_tag?post=1035050"},{"taxonomy":"brand","embeddable":true,"href":"https:\/\/games.tactic.net\/da\/wp-json\/wp\/v2\/brand?post=1035050"},{"taxonomy":"target-group","embeddable":true,"href":"https:\/\/games.tactic.net\/da\/wp-json\/wp\/v2\/target-group?post=1035050"},{"taxonomy":"discontinued","embeddable":true,"href":"https:\/\/games.tactic.net\/da\/wp-json\/wp\/v2\/discontinued?post=1035050"}],"curies":[{"name":"wp","href":"https:\/\/api.w.org\/{rel}","templated":true}]}}