{"id":103283,"date":"2021-06-29T15:40:20","date_gmt":"2021-06-29T12:40:20","guid":{"rendered":"https:\/\/dev.tactic.net\/tuote\/larsen-animals-of-the-world-maxi-dk\/"},"modified":"2023-10-16T14:21:34","modified_gmt":"2023-10-16T11:21:34","slug":"larsen-animals-of-the-world-maxi-dk","status":"publish","type":"product","link":"https:\/\/games.tactic.net\/da\/tuote\/larsen-animals-of-the-world-maxi-dk\/","title":{"rendered":"Larsen Maxi Animals of the World 28 pcs Puzzle"},"content":{"rendered":"<p>Larsen Maxi Verdens dyr 28 brikker puslespil 28,5 x 36,5 cm. Tag et kig p\u00e5 dette enest\u00e5ende puslespil med dyr fra hele verden. Med farvekodede kontinenter og 75 forskellige dyrearter vil dette puslespil styrke b\u00e5de barnets naturvidenskabelige og geografiske viden. Dyr som delfin og sp\u00e6khugger er placeret i individuelle felter i rammen. Udvalgte dyr er placeret i de regioner, hvor de naturligt h\u00f8rer til. Elefanten findes i Asien, mens elgen er kendt fra Nordamerika. Puslespillet best\u00e5r af 28 n\u00f8je udformede brikker, sk\u00e5ret langs gr\u00e6nser og kystlinjer, og egner sig bedst til yngre b\u00f8rn.<\/p>\n<p>Larsen Maxi er en puslespilsserie i h\u00f8j kvalitet til b\u00f8rn, der kombinerer l\u00e6ring og leg. Farverige illustrationer og solide rammebrikker g\u00f8r puslespillene nemme og hyggelige at samle. Larsen Maxi puslespil er ideelle til b\u00f8rn og hj\u00e6lper med at udvikle finmotorik og koncentration.<\/p>\n<p>Larsen producerer p\u00e6dagogiske puslespil i h\u00f8j kvalitet, der underst\u00f8tter l\u00e6ring gennem leg. Denne norske familievirksomhed har eksisteret siden 1953, og alle puslespil fremstilles i Norge. Sortimentet omfatter mange forskellige temaer som dyr, kort, k\u00f8ret\u00f8jer, rummet og natur. Tydelige illustrationer og holdbare brikker g\u00f8r Larsen puslespil til et godt valg for b\u00f8rn.<\/p>\n","protected":false},"excerpt":{"rendered":"<p>Larsen Maxi Verdens dyr 28 brikker puslespil 36,5 x 28,5 cm viser dyr fra hele verden fordelt p\u00e5 kontinenter. P\u00e6dagogisk puslespil underst\u00f8tter l\u00e6ring i geografi og natur.<\/p>\n","protected":false},"featured_media":0,"template":"","meta":{"content-type":"","_monsterinsights_skip_tracking":false,"_monsterinsights_sitenote_active":false,"_monsterinsights_sitenote_note":"","_monsterinsights_sitenote_category":0},"product_brand":[],"product_cat":[686],"product_tag":[344,994,969],"brand":[],"target-group":[],"discontinued":[],"class_list":{"0":"post-103283","1":"product","2":"type-product","3":"status-publish","5":"product_cat-puslespil","6":"product_tag-kombinere","7":"product_tag-sammen","8":"product_tag-tidsfordriv-2","10":"first","11":"instock","12":"taxable","13":"shipping-taxable","14":"product-type-simple"},"aioseo_notices":[],"_links":{"self":[{"href":"https:\/\/games.tactic.net\/da\/wp-json\/wp\/v2\/product\/103283","targetHints":{"allow":["GET"]}}],"collection":[{"href":"https:\/\/games.tactic.net\/da\/wp-json\/wp\/v2\/product"}],"about":[{"href":"https:\/\/games.tactic.net\/da\/wp-json\/wp\/v2\/types\/product"}],"wp:attachment":[{"href":"https:\/\/games.tactic.net\/da\/wp-json\/wp\/v2\/media?parent=103283"}],"wp:term":[{"taxonomy":"product_brand","embeddable":true,"href":"https:\/\/games.tactic.net\/da\/wp-json\/wp\/v2\/product_brand?post=103283"},{"taxonomy":"product_cat","embeddable":true,"href":"https:\/\/games.tactic.net\/da\/wp-json\/wp\/v2\/product_cat?post=103283"},{"taxonomy":"product_tag","embeddable":true,"href":"https:\/\/games.tactic.net\/da\/wp-json\/wp\/v2\/product_tag?post=103283"},{"taxonomy":"brand","embeddable":true,"href":"https:\/\/games.tactic.net\/da\/wp-json\/wp\/v2\/brand?post=103283"},{"taxonomy":"target-group","embeddable":true,"href":"https:\/\/games.tactic.net\/da\/wp-json\/wp\/v2\/target-group?post=103283"},{"taxonomy":"discontinued","embeddable":true,"href":"https:\/\/games.tactic.net\/da\/wp-json\/wp\/v2\/discontinued?post=103283"}],"curies":[{"name":"wp","href":"https:\/\/api.w.org\/{rel}","templated":true}]}}