{"id":1032426,"date":"2023-10-20T16:57:44","date_gmt":"2023-10-20T13:57:44","guid":{"rendered":"https:\/\/games.tactic.net\/tuote\/bruder-range-rover-velar-police-vehicle-with-policeman\/"},"modified":"2023-10-20T16:57:44","modified_gmt":"2023-10-20T13:57:44","slug":"bruder-range-rover-velar-police-vehicle-with-policeman","status":"publish","type":"product","link":"https:\/\/games.tactic.net\/da\/tuote\/bruder-range-rover-velar-police-vehicle-with-policeman\/","title":{"rendered":"Bruder Range Rover Velar Police vehicle with police officer toy"},"content":{"rendered":"<p>Range Rover Velar indtager en ledende rolle inden for design, effektivitet og ydeevne. Velar kombinerer elegance og komfort i et k\u00f8ret\u00f8j, der stadig er ekstremt terr\u00e6ng\u00e5ende. Med nye hybridmotorer, op til 400 hk og sofistikeret firehjulstr\u00e6ksteknologi har dette terr\u00e6ng\u00e5ende k\u00f8ret\u00f8j et markant bredt anvendelsesomr\u00e5de.<br \/>\nBRUDER&#8217;s n\u00f8dtjenester vil nu ogs\u00e5 v\u00e6re i stand til at patruljere utilg\u00e6ngeligt terr\u00e6n uden for bygr\u00e6nserne takket v\u00e6re Range Rover Velar i politidragt. Lig den virkelige ting, har leget\u00f8jet en mandskabskabine med fire d\u00f8re. Alle d\u00f8re kan \u00e5bnes for at rumme fire bworld-figurer. Dette model i en skala p\u00e5 1:16 har affjedring p\u00e5 begge aksler for at sikre k\u00f8rekomfort og terr\u00e6ng\u00e5ende evne. I denne sammenh\u00e6ng kan forakslen styres ved hj\u00e6lp af den medf\u00f8lgende rat.<\/p>\n","protected":false},"excerpt":{"rendered":"<p>Range Rover Velar politibil med politimand.<\/p>\n","protected":false},"featured_media":0,"template":"","meta":{"content-type":"","_monsterinsights_skip_tracking":false,"_monsterinsights_sitenote_active":false,"_monsterinsights_sitenote_note":"","_monsterinsights_sitenote_category":0},"product_brand":[],"product_cat":[1498],"product_tag":[],"brand":[],"target-group":[],"discontinued":[],"class_list":{"0":"post-1032426","1":"product","2":"type-product","3":"status-publish","5":"product_cat-bruder-legetoej","7":"first","8":"instock","9":"taxable","10":"shipping-taxable","11":"product-type-simple"},"aioseo_notices":[],"_links":{"self":[{"href":"https:\/\/games.tactic.net\/da\/wp-json\/wp\/v2\/product\/1032426","targetHints":{"allow":["GET"]}}],"collection":[{"href":"https:\/\/games.tactic.net\/da\/wp-json\/wp\/v2\/product"}],"about":[{"href":"https:\/\/games.tactic.net\/da\/wp-json\/wp\/v2\/types\/product"}],"wp:attachment":[{"href":"https:\/\/games.tactic.net\/da\/wp-json\/wp\/v2\/media?parent=1032426"}],"wp:term":[{"taxonomy":"product_brand","embeddable":true,"href":"https:\/\/games.tactic.net\/da\/wp-json\/wp\/v2\/product_brand?post=1032426"},{"taxonomy":"product_cat","embeddable":true,"href":"https:\/\/games.tactic.net\/da\/wp-json\/wp\/v2\/product_cat?post=1032426"},{"taxonomy":"product_tag","embeddable":true,"href":"https:\/\/games.tactic.net\/da\/wp-json\/wp\/v2\/product_tag?post=1032426"},{"taxonomy":"brand","embeddable":true,"href":"https:\/\/games.tactic.net\/da\/wp-json\/wp\/v2\/brand?post=1032426"},{"taxonomy":"target-group","embeddable":true,"href":"https:\/\/games.tactic.net\/da\/wp-json\/wp\/v2\/target-group?post=1032426"},{"taxonomy":"discontinued","embeddable":true,"href":"https:\/\/games.tactic.net\/da\/wp-json\/wp\/v2\/discontinued?post=1032426"}],"curies":[{"name":"wp","href":"https:\/\/api.w.org\/{rel}","templated":true}]}}