{"id":1032394,"date":"2023-10-20T16:57:19","date_gmt":"2023-10-20T13:57:19","guid":{"rendered":"https:\/\/games.tactic.net\/tuote\/bruder-range-rover-velar-emergency-vehicle-with-driver\/"},"modified":"2023-10-20T16:57:19","modified_gmt":"2023-10-20T13:57:19","slug":"bruder-range-rover-velar-emergency-vehicle-with-driver","status":"publish","type":"product","link":"https:\/\/games.tactic.net\/da\/tuote\/bruder-range-rover-velar-emergency-vehicle-with-driver\/","title":{"rendered":"Bruder Range Rover Velar Emergency vehicle with driver toy"},"content":{"rendered":"<p>Range Rover Velar p\u00e5tager sig en f\u00f8rende rolle inden for design, effektivitet og ydeevne. Velar kombinerer elegance og komfort i et k\u00f8ret\u00f8j, der stadig er ekstremt off-road. Med nye hybriddrev, op til 400 hk og sofistikeret teknologi med firehjulstr\u00e6k, har dette cross country k\u00f8ret\u00f8j en sl\u00e5ende bred vifte af anvendelser. Range Rover Velar som akutl\u00e6gek\u00f8ret\u00f8j underst\u00f8tter ambulancen, der allerede er inkluderet i BRUDER-serien. Velar transporterer akutl\u00e6gen (med f\u00f8lger i s\u00e6ttet ) sikkert til stedet, fjederbelastede aksler og ratforl\u00e6ngeren, som kan s\u00e6ttes ind gennem en tagluge. Opbevaringsplads klares ind gennem de 4 d\u00f8re, der kan \u00e5bnes og bagklappen. Range Rover Velar akutl\u00e6gek\u00f8ret\u00f8jet er det ideelle supplement til MB Sprinter ambulancen (varenr. 02676) og bworld l\u00e6geafdelingen (varenr. 62711).<\/p>\n","protected":false},"excerpt":{"rendered":"<p>Bruder Range Rover Velar redningsk\u00f8ret\u00f8j med chauff\u00f8r.<br \/>\nRange Rover Velar p\u00e5tager sig en f\u00f8rende rolle inden for design, effektivitet og ydeevne. Velar kombinerer elegance og komfort i et k\u00f8ret\u00f8j, der stadig er ekstremt off-road. Med nye hybriddrev, op til 400 hk og sofistikeret teknologi med firehjulstr\u00e6k, har dette cross country k\u00f8ret\u00f8j en sl\u00e5ende bred vifte af anvendelser. Range Rover Velar som akutl\u00e6gek\u00f8ret\u00f8j underst\u00f8tter ambulancen, der allerede er inkluderet i BRUDER-serien<\/p>\n","protected":false},"featured_media":0,"template":"","meta":{"content-type":"","_monsterinsights_skip_tracking":false,"_monsterinsights_sitenote_active":false,"_monsterinsights_sitenote_note":"","_monsterinsights_sitenote_category":0},"product_brand":[],"product_cat":[1498],"product_tag":[],"brand":[],"target-group":[],"discontinued":[],"class_list":{"0":"post-1032394","1":"product","2":"type-product","3":"status-publish","5":"product_cat-bruder-legetoej","7":"first","8":"instock","9":"taxable","10":"shipping-taxable","11":"product-type-simple"},"aioseo_notices":[],"_links":{"self":[{"href":"https:\/\/games.tactic.net\/da\/wp-json\/wp\/v2\/product\/1032394","targetHints":{"allow":["GET"]}}],"collection":[{"href":"https:\/\/games.tactic.net\/da\/wp-json\/wp\/v2\/product"}],"about":[{"href":"https:\/\/games.tactic.net\/da\/wp-json\/wp\/v2\/types\/product"}],"wp:attachment":[{"href":"https:\/\/games.tactic.net\/da\/wp-json\/wp\/v2\/media?parent=1032394"}],"wp:term":[{"taxonomy":"product_brand","embeddable":true,"href":"https:\/\/games.tactic.net\/da\/wp-json\/wp\/v2\/product_brand?post=1032394"},{"taxonomy":"product_cat","embeddable":true,"href":"https:\/\/games.tactic.net\/da\/wp-json\/wp\/v2\/product_cat?post=1032394"},{"taxonomy":"product_tag","embeddable":true,"href":"https:\/\/games.tactic.net\/da\/wp-json\/wp\/v2\/product_tag?post=1032394"},{"taxonomy":"brand","embeddable":true,"href":"https:\/\/games.tactic.net\/da\/wp-json\/wp\/v2\/brand?post=1032394"},{"taxonomy":"target-group","embeddable":true,"href":"https:\/\/games.tactic.net\/da\/wp-json\/wp\/v2\/target-group?post=1032394"},{"taxonomy":"discontinued","embeddable":true,"href":"https:\/\/games.tactic.net\/da\/wp-json\/wp\/v2\/discontinued?post=1032394"}],"curies":[{"name":"wp","href":"https:\/\/api.w.org\/{rel}","templated":true}]}}