{"id":1032376,"date":"2023-10-20T16:56:56","date_gmt":"2023-10-20T13:56:56","guid":{"rendered":"https:\/\/games.tactic.net\/tuote\/bruder-range-rover-velar\/"},"modified":"2023-10-20T16:56:56","modified_gmt":"2023-10-20T13:56:56","slug":"bruder-range-rover-velar","status":"publish","type":"product","link":"https:\/\/games.tactic.net\/da\/tuote\/bruder-range-rover-velar\/","title":{"rendered":"Bruder Range Rover Velar toy"},"content":{"rendered":"<p>Range Rover Velar p\u00e5tager sig en f\u00f8rende rolle inden for design, effektivitet og ydeevne. Velar kombinerer elegance og komfort i et k\u00f8ret\u00f8j, der stadig er ekstremt off-road. Med nye hybriddrev, op til 400 hk og sofistikeret teknologi med firehjulstr\u00e6k, har dette cross country k\u00f8ret\u00f8j en sl\u00e5ende bred vifte af anvendelser. Den nye model af Velar fra BRUDER inkorporerer mange af disse elementer fra originalen i \u00e6gte detaljer. K\u00f8ret\u00f8jet er monteret p\u00e5 fjederbelastede aksler med nydesignede f\u00e6lge. Takket v\u00e6re ratforl\u00e6ngelsen er Velar naturligvis styrbar. Fire d\u00f8re og bagklappen kan \u00e5bnes og der medf\u00f8lger ogs\u00e5 en anh\u00e6ngerkobling, til at tr\u00e6kke forskellige trailere. bworld-quad-cyklen (varenr. 63000) og Ducati Scrambler Desert Sled (varenr. 63051)  passer flot ind i BRUDERs offroad-produkt serien.<\/p>\n","protected":false},"excerpt":{"rendered":"<p>Bruder Range Rover Velar.<br \/>\nRange Rover Velar p\u00e5tager sig en f\u00f8rende rolle inden for design, effektivitet og ydeevne. Velar kombinerer elegance og komfort i et k\u00f8ret\u00f8j, der stadig er ekstremt off-road.<\/p>\n","protected":false},"featured_media":0,"template":"","meta":{"content-type":"","_monsterinsights_skip_tracking":false,"_monsterinsights_sitenote_active":false,"_monsterinsights_sitenote_note":"","_monsterinsights_sitenote_category":0},"product_brand":[],"product_cat":[1498],"product_tag":[],"brand":[],"target-group":[],"discontinued":[],"class_list":{"0":"post-1032376","1":"product","2":"type-product","3":"status-publish","5":"product_cat-bruder-legetoej","7":"first","8":"instock","9":"taxable","10":"shipping-taxable","11":"product-type-simple"},"aioseo_notices":[],"_links":{"self":[{"href":"https:\/\/games.tactic.net\/da\/wp-json\/wp\/v2\/product\/1032376","targetHints":{"allow":["GET"]}}],"collection":[{"href":"https:\/\/games.tactic.net\/da\/wp-json\/wp\/v2\/product"}],"about":[{"href":"https:\/\/games.tactic.net\/da\/wp-json\/wp\/v2\/types\/product"}],"wp:attachment":[{"href":"https:\/\/games.tactic.net\/da\/wp-json\/wp\/v2\/media?parent=1032376"}],"wp:term":[{"taxonomy":"product_brand","embeddable":true,"href":"https:\/\/games.tactic.net\/da\/wp-json\/wp\/v2\/product_brand?post=1032376"},{"taxonomy":"product_cat","embeddable":true,"href":"https:\/\/games.tactic.net\/da\/wp-json\/wp\/v2\/product_cat?post=1032376"},{"taxonomy":"product_tag","embeddable":true,"href":"https:\/\/games.tactic.net\/da\/wp-json\/wp\/v2\/product_tag?post=1032376"},{"taxonomy":"brand","embeddable":true,"href":"https:\/\/games.tactic.net\/da\/wp-json\/wp\/v2\/brand?post=1032376"},{"taxonomy":"target-group","embeddable":true,"href":"https:\/\/games.tactic.net\/da\/wp-json\/wp\/v2\/target-group?post=1032376"},{"taxonomy":"discontinued","embeddable":true,"href":"https:\/\/games.tactic.net\/da\/wp-json\/wp\/v2\/discontinued?post=1032376"}],"curies":[{"name":"wp","href":"https:\/\/api.w.org\/{rel}","templated":true}]}}