{"id":100790,"date":"2021-06-28T18:30:23","date_gmt":"2021-06-28T15:30:23","guid":{"rendered":"https:\/\/dev.tactic.net\/tuote\/lumo-stars-bear-camo-mini\/"},"modified":"2023-10-20T10:51:16","modified_gmt":"2023-10-20T07:51:16","slug":"lumo-stars-bear-camo-mini","status":"publish","type":"product","link":"https:\/\/games.tactic.net\/da\/tuote\/lumo-stars-bear-camo-mini\/","title":{"rendered":"Lumo Stars Bear Camo mini plush"},"content":{"rendered":"<p>Mini 8,5 cm. Samlbar baby dyr plys. Glad, huggable, venlig, rar og s\u00f8d. Vi smiler mere! S\u00f8d Northern Brights plys kollektion er baseret p\u00e5 den \u00e6gte nordiske natur og dyreliv. Finsk design. Jeg er en stor hyggelig bj\u00f8rn, der elsker at lege gemmeleg. Jeg vinder altid takket v\u00e6re min sk\u00f8nne og bl\u00f8de camouflerende pels. www.lumostars.com<\/p>\n","protected":false},"excerpt":{"rendered":"<p>Mini 8,5 cm.<\/p>\n","protected":false},"featured_media":0,"template":"","meta":{"content-type":"","_monsterinsights_skip_tracking":false,"_monsterinsights_sitenote_active":false,"_monsterinsights_sitenote_note":"","_monsterinsights_sitenote_category":0},"product_brand":[],"product_cat":[1642],"product_tag":[1262],"brand":[{"id":1020,"name":"Lumo Stars","slug":"lumo-stars_dk"}],"target-group":[],"discontinued":[],"class_list":{"0":"post-100790","1":"product","2":"type-product","3":"status-publish","5":"product_cat-mini-bamser-lumo-stars-6","6":"product_tag-lumo-stars-da","7":"brand-lumo-stars_dk","9":"first","10":"instock","11":"taxable","12":"shipping-taxable","13":"product-type-simple"},"aioseo_notices":[],"_links":{"self":[{"href":"https:\/\/games.tactic.net\/da\/wp-json\/wp\/v2\/product\/100790","targetHints":{"allow":["GET"]}}],"collection":[{"href":"https:\/\/games.tactic.net\/da\/wp-json\/wp\/v2\/product"}],"about":[{"href":"https:\/\/games.tactic.net\/da\/wp-json\/wp\/v2\/types\/product"}],"wp:attachment":[{"href":"https:\/\/games.tactic.net\/da\/wp-json\/wp\/v2\/media?parent=100790"}],"wp:term":[{"taxonomy":"product_brand","embeddable":true,"href":"https:\/\/games.tactic.net\/da\/wp-json\/wp\/v2\/product_brand?post=100790"},{"taxonomy":"product_cat","embeddable":true,"href":"https:\/\/games.tactic.net\/da\/wp-json\/wp\/v2\/product_cat?post=100790"},{"taxonomy":"product_tag","embeddable":true,"href":"https:\/\/games.tactic.net\/da\/wp-json\/wp\/v2\/product_tag?post=100790"},{"taxonomy":"brand","embeddable":true,"href":"https:\/\/games.tactic.net\/da\/wp-json\/wp\/v2\/brand?post=100790"},{"taxonomy":"target-group","embeddable":true,"href":"https:\/\/games.tactic.net\/da\/wp-json\/wp\/v2\/target-group?post=100790"},{"taxonomy":"discontinued","embeddable":true,"href":"https:\/\/games.tactic.net\/da\/wp-json\/wp\/v2\/discontinued?post=100790"}],"curies":[{"name":"wp","href":"https:\/\/api.w.org\/{rel}","templated":true}]}}