{"id":100360,"date":"2019-11-09T01:51:42","date_gmt":"2021-06-28T12:53:30","guid":{"rendered":"https:\/\/dev.tactic.net\/tuote\/larsen-squirrel-rabbit-hedgehog-fox-4x1-mini\/"},"modified":"2023-10-19T15:52:28","modified_gmt":"2023-10-19T12:52:28","slug":"larsen-squirrel-rabbit-hedgehog-fox-4x1-mini","status":"publish","type":"product","link":"https:\/\/games.tactic.net\/da\/tuote\/larsen-squirrel-rabbit-hedgehog-fox-4x1-mini\/","title":{"rendered":"Larsen Mini Squirrel, Rabbit, Hedgehog, Fox 5 pcs Puzzle"},"content":{"rendered":"<p>Larsen Mini Egern, kanin, pindsvin, r\u00e6v 5 brikker puslespil 18,3 x 14,3 cm. F\u00e5s i 4 forskellige motiver. Her er 4 puslespil med s\u00f8de vilde dyr p\u00e5 en eng med gr\u00f8nt gr\u00e6s og smukke blomster. En kanin kigger p\u00e5 en lille fugl, mens en muldvarp stikker hovedet op af jorden. Et pindsvin snuser til en snegl. En r\u00e6veunge sover s\u00f8dt, mens dens bror studerer en sommerfugl, der flyver forbi. En humlebi summer foran et lille egern, som st\u00e5r p\u00e5 en gammel tr\u00e6stamme \u2013 mon egernet er bange for at blive stukket? Hvert puslespil har 5 store brikker, som passer godt til sm\u00e5 b\u00f8rn, der skal l\u00e6re at samle deres f\u00f8rste puslespil. Den faste ramme hj\u00e6lper sm\u00e5 h\u00e6nder med at f\u00e5 brikkerne p\u00e5 plads.<\/p>\n<p>Larsen Mini er en puslespilsserie i h\u00f8j kvalitet til b\u00f8rn, der kombinerer l\u00e6ring og leg. Farverige illustrationer og solide rammebrikker g\u00f8r puslespillene nemme og hyggelige at samle. Larsen Mini puslespil er ideelle til b\u00f8rn og hj\u00e6lper med at udvikle finmotorik og koncentration.<\/p>\n<p>Larsen producerer p\u00e6dagogiske puslespil i h\u00f8j kvalitet, der underst\u00f8tter l\u00e6ring gennem leg. Denne norske familievirksomhed har eksisteret siden 1953, og alle puslespil fremstilles i Norge. Sortimentet omfatter mange forskellige temaer som dyr, kort, k\u00f8ret\u00f8jer, rummet og natur. Tydelige illustrationer og holdbare brikker g\u00f8r Larsen puslespil til et godt valg for b\u00f8rn.<\/p>\n","protected":false},"excerpt":{"rendered":"<p>Larsen Mini Egern, kanin, pindsvin, r\u00e6v 5 brikker puslespil 18,3 x 14,3 cm assorteret udvalg med 4 motiver. Det er desv\u00e6rre ikke muligt at v\u00e6lge motiv ved k\u00f8b.<\/p>\n","protected":false},"featured_media":0,"template":"","meta":{"content-type":"","_monsterinsights_skip_tracking":false,"_monsterinsights_sitenote_active":false,"_monsterinsights_sitenote_note":"","_monsterinsights_sitenote_category":0},"product_brand":[],"product_cat":[1625],"product_tag":[1232,994,969],"brand":[],"target-group":[],"discontinued":[],"class_list":{"0":"post-100360","1":"product","2":"type-product","3":"status-publish","5":"product_cat-boerne-puslespil-puslespil","6":"product_tag-kombinere-da","7":"product_tag-sammen","8":"product_tag-tidsfordriv-2","10":"first","11":"instock","12":"taxable","13":"shipping-taxable","14":"product-type-simple"},"aioseo_notices":[],"_links":{"self":[{"href":"https:\/\/games.tactic.net\/da\/wp-json\/wp\/v2\/product\/100360","targetHints":{"allow":["GET"]}}],"collection":[{"href":"https:\/\/games.tactic.net\/da\/wp-json\/wp\/v2\/product"}],"about":[{"href":"https:\/\/games.tactic.net\/da\/wp-json\/wp\/v2\/types\/product"}],"wp:attachment":[{"href":"https:\/\/games.tactic.net\/da\/wp-json\/wp\/v2\/media?parent=100360"}],"wp:term":[{"taxonomy":"product_brand","embeddable":true,"href":"https:\/\/games.tactic.net\/da\/wp-json\/wp\/v2\/product_brand?post=100360"},{"taxonomy":"product_cat","embeddable":true,"href":"https:\/\/games.tactic.net\/da\/wp-json\/wp\/v2\/product_cat?post=100360"},{"taxonomy":"product_tag","embeddable":true,"href":"https:\/\/games.tactic.net\/da\/wp-json\/wp\/v2\/product_tag?post=100360"},{"taxonomy":"brand","embeddable":true,"href":"https:\/\/games.tactic.net\/da\/wp-json\/wp\/v2\/brand?post=100360"},{"taxonomy":"target-group","embeddable":true,"href":"https:\/\/games.tactic.net\/da\/wp-json\/wp\/v2\/target-group?post=100360"},{"taxonomy":"discontinued","embeddable":true,"href":"https:\/\/games.tactic.net\/da\/wp-json\/wp\/v2\/discontinued?post=100360"}],"curies":[{"name":"wp","href":"https:\/\/api.w.org\/{rel}","templated":true}]}}