{"id":100317,"date":"2019-11-09T01:51:40","date_gmt":"2021-06-28T12:51:52","guid":{"rendered":"https:\/\/dev.tactic.net\/tuote\/larsen-farmkids-4x1-mini\/"},"modified":"2023-10-19T15:50:27","modified_gmt":"2023-10-19T12:50:27","slug":"larsen-farmkids-4x1-mini","status":"publish","type":"product","link":"https:\/\/games.tactic.net\/da\/tuote\/larsen-farmkids-4x1-mini\/","title":{"rendered":"Larsen Mini Farmkids 8 pcs Puzzle"},"content":{"rendered":"<p>Larsen Mini Bondeg\u00e5rdsb\u00f8rn 8 brikker puslespil 18,3 x 14,3 cm. F\u00e5s i 4 forskellige motiver. 5 puslespil med hver 9 brikker. Nogle af puslespilsbrikkerne er formet som dyr. B\u00f8rnene udvikler deres motorik og l\u00e6rer at huske brikkernes former og, hvor de skal placeres.<\/p>\n<p>Larsen Mini er en puslespilsserie i h\u00f8j kvalitet til b\u00f8rn, der kombinerer l\u00e6ring og leg. Farverige illustrationer og solide rammebrikker g\u00f8r puslespillene nemme og hyggelige at samle. Larsen Mini puslespil er ideelle til b\u00f8rn og hj\u00e6lper med at udvikle finmotorik og koncentration.<\/p>\n<p>Larsen producerer p\u00e6dagogiske puslespil i h\u00f8j kvalitet, der underst\u00f8tter l\u00e6ring gennem leg. Denne norske familievirksomhed har eksisteret siden 1953, og alle puslespil fremstilles i Norge. Sortimentet omfatter mange forskellige temaer som dyr, kort, k\u00f8ret\u00f8jer, rummet og natur. Tydelige illustrationer og holdbare brikker g\u00f8r Larsen puslespil til et godt valg for b\u00f8rn.<\/p>\n","protected":false},"excerpt":{"rendered":"<p>Larsen Mini Bondeg\u00e5rdsb\u00f8rn 8 brikker puslespil 18,3 x 14,3 cm sortiment indeholder 4 forskellige motiver. Produktet er assorteret, motiv kan ikke v\u00e6lges. B\u00f8rnepuslespil underst\u00f8tter motoriske f\u00e6rdigheder og formgenkendelse.<\/p>\n","protected":false},"featured_media":0,"template":"","meta":{"content-type":"","_monsterinsights_skip_tracking":false,"_monsterinsights_sitenote_active":false,"_monsterinsights_sitenote_note":"","_monsterinsights_sitenote_category":0},"product_brand":[],"product_cat":[1625],"product_tag":[1232,994,969],"brand":[],"target-group":[],"discontinued":[],"class_list":{"0":"post-100317","1":"product","2":"type-product","3":"status-publish","5":"product_cat-boerne-puslespil-puslespil","6":"product_tag-kombinere-da","7":"product_tag-sammen","8":"product_tag-tidsfordriv-2","10":"first","11":"instock","12":"taxable","13":"shipping-taxable","14":"product-type-simple"},"aioseo_notices":[],"_links":{"self":[{"href":"https:\/\/games.tactic.net\/da\/wp-json\/wp\/v2\/product\/100317","targetHints":{"allow":["GET"]}}],"collection":[{"href":"https:\/\/games.tactic.net\/da\/wp-json\/wp\/v2\/product"}],"about":[{"href":"https:\/\/games.tactic.net\/da\/wp-json\/wp\/v2\/types\/product"}],"wp:attachment":[{"href":"https:\/\/games.tactic.net\/da\/wp-json\/wp\/v2\/media?parent=100317"}],"wp:term":[{"taxonomy":"product_brand","embeddable":true,"href":"https:\/\/games.tactic.net\/da\/wp-json\/wp\/v2\/product_brand?post=100317"},{"taxonomy":"product_cat","embeddable":true,"href":"https:\/\/games.tactic.net\/da\/wp-json\/wp\/v2\/product_cat?post=100317"},{"taxonomy":"product_tag","embeddable":true,"href":"https:\/\/games.tactic.net\/da\/wp-json\/wp\/v2\/product_tag?post=100317"},{"taxonomy":"brand","embeddable":true,"href":"https:\/\/games.tactic.net\/da\/wp-json\/wp\/v2\/brand?post=100317"},{"taxonomy":"target-group","embeddable":true,"href":"https:\/\/games.tactic.net\/da\/wp-json\/wp\/v2\/target-group?post=100317"},{"taxonomy":"discontinued","embeddable":true,"href":"https:\/\/games.tactic.net\/da\/wp-json\/wp\/v2\/discontinued?post=100317"}],"curies":[{"name":"wp","href":"https:\/\/api.w.org\/{rel}","templated":true}]}}