{"id":54586,"date":"2020-03-04T09:50:45","date_gmt":"2020-03-04T07:50:45","guid":{"rendered":"https:\/\/dev.tactic.net\/tactic\/vastuullisuus\/"},"modified":"2024-02-07T13:12:30","modified_gmt":"2024-02-07T11:12:30","slug":"ansvarlighed","status":"publish","type":"page","link":"https:\/\/games.tactic.net\/da\/tactic\/ansvarlighed\/","title":{"rendered":"Ansvarlighed"},"content":{"rendered":"\t\t<div data-elementor-type=\"wp-page\" data-elementor-id=\"54586\" class=\"elementor elementor-54586 elementor-11078\" data-elementor-post-type=\"page\">\n\t\t\t\t\t\t<section class=\"elementor-section elementor-top-section elementor-element elementor-element-229fd3d elementor-section-boxed elementor-section-height-default elementor-section-height-default\" data-id=\"229fd3d\" data-element_type=\"section\" data-e-type=\"section\">\n\t\t\t\t\t\t<div class=\"elementor-container elementor-column-gap-default\">\n\t\t\t\t\t<div class=\"elementor-column elementor-col-100 elementor-top-column elementor-element elementor-element-46bc73b\" data-id=\"46bc73b\" data-element_type=\"column\" data-e-type=\"column\">\n\t\t\t<div class=\"elementor-widget-wrap elementor-element-populated\">\n\t\t\t\t\t\t<div class=\"elementor-element elementor-element-299b429 elementor-widget elementor-widget-heading\" data-id=\"299b429\" data-element_type=\"widget\" data-e-type=\"widget\" data-widget_type=\"heading.default\">\n\t\t\t\t<div class=\"elementor-widget-container\">\n\t\t\t\t\t<h2 class=\"elementor-heading-title elementor-size-default\">Ansvarlighed<\/h2>\t\t\t\t<\/div>\n\t\t\t\t<\/div>\n\t\t\t\t\t<\/div>\n\t\t<\/div>\n\t\t\t\t\t<\/div>\n\t\t<\/section>\n\t\t\t\t<section class=\"elementor-section elementor-top-section elementor-element elementor-element-fdf30dd elementor-section-boxed elementor-section-height-default elementor-section-height-default\" data-id=\"fdf30dd\" data-element_type=\"section\" data-e-type=\"section\">\n\t\t\t\t\t\t<div class=\"elementor-container elementor-column-gap-default\">\n\t\t\t\t\t<div class=\"elementor-column elementor-col-100 elementor-top-column elementor-element elementor-element-8eb66dc\" data-id=\"8eb66dc\" data-element_type=\"column\" data-e-type=\"column\">\n\t\t\t<div class=\"elementor-widget-wrap elementor-element-populated\">\n\t\t\t\t\t\t<div class=\"elementor-element elementor-element-a4bab3a elementor-widget elementor-widget-heading\" data-id=\"a4bab3a\" data-element_type=\"widget\" data-e-type=\"widget\" data-widget_type=\"heading.default\">\n\t\t\t\t<div class=\"elementor-widget-container\">\n\t\t\t\t\t<h1 class=\"elementor-heading-title elementor-size-default\">Den mest \u00f8kologiske spilproducent i Norden.<\/h1>\t\t\t\t<\/div>\n\t\t\t\t<\/div>\n\t\t\t\t\t<\/div>\n\t\t<\/div>\n\t\t\t\t\t<\/div>\n\t\t<\/section>\n\t\t\t\t<section class=\"elementor-section elementor-top-section elementor-element elementor-element-3107b84 elementor-section-boxed elementor-section-height-default elementor-section-height-default\" data-id=\"3107b84\" data-element_type=\"section\" data-e-type=\"section\">\n\t\t\t\t\t\t<div class=\"elementor-container elementor-column-gap-default\">\n\t\t\t\t\t<div class=\"elementor-column elementor-col-100 elementor-top-column elementor-element elementor-element-06565f9\" data-id=\"06565f9\" data-element_type=\"column\" data-e-type=\"column\">\n\t\t\t<div class=\"elementor-widget-wrap elementor-element-populated\">\n\t\t\t\t\t\t<div class=\"elementor-element elementor-element-7ec8949 elementor-widget elementor-widget-text-editor\" data-id=\"7ec8949\" data-element_type=\"widget\" data-e-type=\"widget\" data-widget_type=\"text-editor.default\">\n\t\t\t\t<div class=\"elementor-widget-container\">\n\t\t\t\t\t\t\t\t\t<p><span style=\"color: #333333;\">Ansvarlighed betyder konkrete handlinger fra spilfabik til spillebord. Vi er stolte af vores h\u00f8je nordiske kvalitetsstandarder, vores specialistviden og vores ansvarsfulde holdning i milj\u00f8sp\u00f8rgsm\u00e5l.<\/span><\/p><p>Finsk design er fremstillet for at klare b\u00e5de tid og slid. Dette g\u00e6lder ogs\u00e5 for vores spil og leget\u00f8j. I vores produktion genbruges pap og plast i stor udstr\u00e6kning. Hele vejen fra planl\u00e6gningsstadiet er det vores mission at reducere brugen af plasfolie fx til emballage og spillekort. Vores egen produktion sikrer, at vi kan spore alle materialer. Vi overv\u00e5ger ogs\u00e5 vores CO2-aftryk n\u00f8je, og vi kan garantere hurtige og sikre leverancer direkte fra vores lager i Pori, Finland.<\/p><p>Vores etiske principper medf\u00f8rer et stort ansvar for milj\u00f8, produktion, teknisk kvalitet, medmenneskelighed og besk\u00e6ftigelse. Vi besk\u00e6ftiger over 100 personer, og som ansvarlig arbejdsgiver overholder vi b\u00e5de h\u00f8j produktkvalitet og gode arbejdsforhold.<\/p><p>Alle vores underleverand\u00f8rer og hele forsyningsk\u00e6den forpligter sig til at overholde vores kompromisl\u00f8se etiske principper.<\/p><p>Vi er stolte af de samarbejdsprojekter, vi gennemf\u00f8rer sammen med lokale virksomheder. Vi er st\u00e6rkere sammen.<\/p><p>\u00a0<\/p>\t\t\t\t\t\t\t\t<\/div>\n\t\t\t\t<\/div>\n\t\t\t\t<div class=\"elementor-element elementor-element-928ca0a elementor-widget-divider--view-line elementor-widget elementor-widget-divider\" data-id=\"928ca0a\" data-element_type=\"widget\" data-e-type=\"widget\" data-widget_type=\"divider.default\">\n\t\t\t\t<div class=\"elementor-widget-container\">\n\t\t\t\t\t\t\t<div class=\"elementor-divider\">\n\t\t\t<span class=\"elementor-divider-separator\">\n\t\t\t\t\t\t<\/span>\n\t\t<\/div>\n\t\t\t\t\t\t<\/div>\n\t\t\t\t<\/div>\n\t\t\t\t\t<\/div>\n\t\t<\/div>\n\t\t\t\t\t<\/div>\n\t\t<\/section>\n\t\t\t\t<section class=\"elementor-section elementor-top-section elementor-element elementor-element-a9e4ce1 elementor-section-boxed elementor-section-height-default elementor-section-height-default\" data-id=\"a9e4ce1\" data-element_type=\"section\" data-e-type=\"section\">\n\t\t\t\t\t\t<div class=\"elementor-container elementor-column-gap-default\">\n\t\t\t\t\t<div class=\"elementor-column elementor-col-33 elementor-top-column elementor-element elementor-element-a118fa7\" data-id=\"a118fa7\" data-element_type=\"column\" data-e-type=\"column\">\n\t\t\t<div class=\"elementor-widget-wrap elementor-element-populated\">\n\t\t\t\t\t\t<div class=\"elementor-element elementor-element-60c7337 elementor-widget elementor-widget-image\" data-id=\"60c7337\" data-element_type=\"widget\" data-e-type=\"widget\" data-widget_type=\"image.default\">\n\t\t\t\t<div class=\"elementor-widget-container\">\n\t\t\t\t\t\t\t\t\t\t\t\t\t\t\t<img decoding=\"async\" width=\"140\" height=\"200\" src=\"https:\/\/games.tactic.net\/wp-content\/uploads\/2020\/03\/avainlippu.png\" class=\"attachment-medium size-medium wp-image-11088\" alt=\"\" \/>\t\t\t\t\t\t\t\t\t\t\t\t\t\t\t<\/div>\n\t\t\t\t<\/div>\n\t\t\t\t\t<\/div>\n\t\t<\/div>\n\t\t\t\t<div class=\"elementor-column elementor-col-66 elementor-top-column elementor-element elementor-element-7a0fb4e\" data-id=\"7a0fb4e\" data-element_type=\"column\" data-e-type=\"column\">\n\t\t\t<div class=\"elementor-widget-wrap elementor-element-populated\">\n\t\t\t\t\t\t<div class=\"elementor-element elementor-element-8e2ef6c elementor-widget elementor-widget-text-editor\" data-id=\"8e2ef6c\" data-element_type=\"widget\" data-e-type=\"widget\" data-widget_type=\"text-editor.default\">\n\t\t\t\t<div class=\"elementor-widget-container\">\n\t\t\t\t\t\t\t\t\t<p><strong>Made in Finland<\/strong><\/p><p>Det finske n\u00f8gleflagsymbol hj\u00e6lper dig med at t\u00e6nke over dit k\u00f8b. Et produkt, som er fremstillet i Finland, er et etisk, \u00f8kologisk og ansvarligt valg. Vores br\u00e6tspil er designet af finske eksperter og fremstillet p\u00e5 vores egen fabrik i Pori. Produkter, som er fremstillet i Finland, er langt mere transparante, end dem der er fremstillet i lande med billig arbejdskraft. Dit valg g\u00f8r en forskel &#8211; spil fair med finnen.<\/p><p>L\u00e6s mere:\u00a0<a href=\"https:\/\/suomalainentyo.fi\/sv\/\" target=\"_blank\" rel=\"noopener\">&gt;&gt;&gt; suomalainentyo.fi\/sv\/<\/a><\/p>\t\t\t\t\t\t\t\t<\/div>\n\t\t\t\t<\/div>\n\t\t\t\t\t<\/div>\n\t\t<\/div>\n\t\t\t\t\t<\/div>\n\t\t<\/section>\n\t\t\t\t<section class=\"elementor-section elementor-top-section elementor-element elementor-element-a471799 elementor-section-boxed elementor-section-height-default elementor-section-height-default\" data-id=\"a471799\" data-element_type=\"section\" data-e-type=\"section\">\n\t\t\t\t\t\t<div class=\"elementor-container elementor-column-gap-default\">\n\t\t\t\t\t<div class=\"elementor-column elementor-col-100 elementor-top-column elementor-element elementor-element-c49e79f\" data-id=\"c49e79f\" data-element_type=\"column\" data-e-type=\"column\">\n\t\t\t<div class=\"elementor-widget-wrap elementor-element-populated\">\n\t\t\t\t\t\t<div class=\"elementor-element elementor-element-9bb035f elementor-widget-divider--view-line elementor-widget elementor-widget-divider\" data-id=\"9bb035f\" data-element_type=\"widget\" data-e-type=\"widget\" data-widget_type=\"divider.default\">\n\t\t\t\t<div class=\"elementor-widget-container\">\n\t\t\t\t\t\t\t<div class=\"elementor-divider\">\n\t\t\t<span class=\"elementor-divider-separator\">\n\t\t\t\t\t\t<\/span>\n\t\t<\/div>\n\t\t\t\t\t\t<\/div>\n\t\t\t\t<\/div>\n\t\t\t\t\t<\/div>\n\t\t<\/div>\n\t\t\t\t\t<\/div>\n\t\t<\/section>\n\t\t\t\t<section class=\"elementor-section elementor-top-section elementor-element elementor-element-21f0bc7 elementor-section-boxed elementor-section-height-default elementor-section-height-default\" data-id=\"21f0bc7\" data-element_type=\"section\" data-e-type=\"section\">\n\t\t\t\t\t\t<div class=\"elementor-container elementor-column-gap-default\">\n\t\t\t\t\t<div class=\"elementor-column elementor-col-100 elementor-top-column elementor-element elementor-element-2a5061b\" data-id=\"2a5061b\" data-element_type=\"column\" data-e-type=\"column\">\n\t\t\t<div class=\"elementor-widget-wrap elementor-element-populated\">\n\t\t\t\t\t\t<div class=\"elementor-element elementor-element-9e8b242 elementor-grid-3 elementor-grid-tablet-2 elementor-grid-mobile-1 elementor-posts--thumbnail-top elementor-widget elementor-widget-posts\" data-id=\"9e8b242\" data-element_type=\"widget\" data-e-type=\"widget\" data-settings=\"{&quot;classic_columns&quot;:&quot;3&quot;,&quot;classic_columns_tablet&quot;:&quot;2&quot;,&quot;classic_columns_mobile&quot;:&quot;1&quot;,&quot;classic_row_gap&quot;:{&quot;unit&quot;:&quot;px&quot;,&quot;size&quot;:35,&quot;sizes&quot;:[]},&quot;classic_row_gap_tablet&quot;:{&quot;unit&quot;:&quot;px&quot;,&quot;size&quot;:&quot;&quot;,&quot;sizes&quot;:[]},&quot;classic_row_gap_mobile&quot;:{&quot;unit&quot;:&quot;px&quot;,&quot;size&quot;:&quot;&quot;,&quot;sizes&quot;:[]}}\" data-widget_type=\"posts.classic\">\n\t\t\t\t<div class=\"elementor-widget-container\">\n\t\t\t\t\t\t\t<div class=\"elementor-posts-container elementor-posts elementor-posts--skin-classic elementor-grid\" role=\"list\">\n\t\t\t\t<article class=\"elementor-post elementor-grid-item post-1358698 post type-post status-publish format-standard has-post-thumbnail hentry category-nyheder tag-ansvarlighed\" role=\"listitem\">\n\t\t\t\t<a class=\"elementor-post__thumbnail__link\" href=\"https:\/\/games.tactic.net\/da\/tactic-styres-af-familie-virksomheds-vaerdier\/\" tabindex=\"-1\" >\n\t\t\t<div class=\"elementor-post__thumbnail\"><img decoding=\"async\" width=\"300\" height=\"155\" src=\"https:\/\/games.tactic.net\/wp-content\/uploads\/2023\/11\/Vastuullisuus_webbanneri_FI-300x155.jpg\" class=\"attachment-medium size-medium wp-image-1343975\" alt=\"\" srcset=\"https:\/\/games.tactic.net\/wp-content\/uploads\/2023\/11\/Vastuullisuus_webbanneri_FI-300x155.jpg 300w, https:\/\/games.tactic.net\/wp-content\/uploads\/2023\/11\/Vastuullisuus_webbanneri_FI-768x397.jpg 768w, https:\/\/games.tactic.net\/wp-content\/uploads\/2023\/11\/Vastuullisuus_webbanneri_FI-600x310.jpg 600w, https:\/\/games.tactic.net\/wp-content\/uploads\/2023\/11\/Vastuullisuus_webbanneri_FI.jpg 900w\" sizes=\"(max-width: 300px) 100vw, 300px\" \/><\/div>\n\t\t<\/a>\n\t\t\t\t<div class=\"elementor-post__text\">\n\t\t\t\t<h3 class=\"elementor-post__title\">\n\t\t\t<a href=\"https:\/\/games.tactic.net\/da\/tactic-styres-af-familie-virksomheds-vaerdier\/\" >\n\t\t\t\tTactic styres af familie virksomheds v\u00e6rdier\t\t\t<\/a>\n\t\t<\/h3>\n\t\t\t\t<div class=\"elementor-post__meta-data\">\n\t\t\t\t\t<span class=\"elementor-post-date\">\n\t\t\t7. februar 2024\t\t<\/span>\n\t\t\t\t<\/div>\n\t\t\t\t<div class=\"elementor-post__excerpt\">\n\t\t\t<p>Tactic er en familievirksomhed fra Pori, Finland, hvis innovative og f\u00e6ngslende br\u00e6tspil elskes over hele verden. I et halvt \u00e5rhundrede har Tactics fabrik i Pori produceret produkter, der forener mennesker for at nyde f\u00e6lles stunder. Lad os dykke ind i hjertet af spilv\u00e6rkstedet for at h\u00f8re Tactics medarbejderes tanker om at v\u00e6re finske, ansvar og vigtigheden af spil.<\/p>\n\t\t<\/div>\n\t\t\n\t\t<a class=\"elementor-post__read-more\" href=\"https:\/\/games.tactic.net\/da\/tactic-styres-af-familie-virksomheds-vaerdier\/\" aria-label=\"Read more about Tactic styres af familie virksomheds v\u00e6rdier\" tabindex=\"-1\" >\n\t\t\tL\u00e6s mere \u00bb\t\t<\/a>\n\n\t\t\t\t<\/div>\n\t\t\t\t<\/article>\n\t\t\t\t<\/div>\n\t\t\n\t\t\t\t\t\t<\/div>\n\t\t\t\t<\/div>\n\t\t\t\t<div class=\"elementor-element elementor-element-3a0a609 elementor-widget-divider--view-line elementor-widget elementor-widget-divider\" data-id=\"3a0a609\" data-element_type=\"widget\" data-e-type=\"widget\" data-widget_type=\"divider.default\">\n\t\t\t\t<div class=\"elementor-widget-container\">\n\t\t\t\t\t\t\t<div class=\"elementor-divider\">\n\t\t\t<span class=\"elementor-divider-separator\">\n\t\t\t\t\t\t<\/span>\n\t\t<\/div>\n\t\t\t\t\t\t<\/div>\n\t\t\t\t<\/div>\n\t\t\t\t\t<\/div>\n\t\t<\/div>\n\t\t\t\t\t<\/div>\n\t\t<\/section>\n\t\t\t\t<section class=\"elementor-section elementor-top-section elementor-element elementor-element-6164b06 elementor-section-boxed elementor-section-height-default elementor-section-height-default\" data-id=\"6164b06\" data-element_type=\"section\" data-e-type=\"section\">\n\t\t\t\t\t\t<div class=\"elementor-container elementor-column-gap-default\">\n\t\t\t\t\t<div class=\"elementor-column elementor-col-100 elementor-top-column elementor-element elementor-element-18df893\" data-id=\"18df893\" data-element_type=\"column\" data-e-type=\"column\">\n\t\t\t<div class=\"elementor-widget-wrap elementor-element-populated\">\n\t\t\t\t\t\t<div class=\"elementor-element elementor-element-8dd9d3e elementor-widget elementor-widget-heading\" data-id=\"8dd9d3e\" data-element_type=\"widget\" data-e-type=\"widget\" data-widget_type=\"heading.default\">\n\t\t\t\t<div class=\"elementor-widget-container\">\n\t\t\t\t\t<h1 class=\"elementor-heading-title elementor-size-default\">Menneskene bag spillene<\/h1>\t\t\t\t<\/div>\n\t\t\t\t<\/div>\n\t\t\t\t\t<\/div>\n\t\t<\/div>\n\t\t\t\t\t<\/div>\n\t\t<\/section>\n\t\t\t\t<section class=\"elementor-section elementor-top-section elementor-element elementor-element-414e36a elementor-section-boxed elementor-section-height-default elementor-section-height-default\" data-id=\"414e36a\" data-element_type=\"section\" data-e-type=\"section\">\n\t\t\t\t\t\t<div class=\"elementor-container elementor-column-gap-default\">\n\t\t\t\t\t<div class=\"elementor-column elementor-col-100 elementor-top-column elementor-element elementor-element-79fa9ec\" data-id=\"79fa9ec\" data-element_type=\"column\" data-e-type=\"column\">\n\t\t\t<div class=\"elementor-widget-wrap elementor-element-populated\">\n\t\t\t\t\t\t<div class=\"elementor-element elementor-element-c11975f elementor-skin-carousel elementor-arrows-yes elementor-pagination-type-bullets elementor-pagination-position-outside elementor-widget elementor-widget-media-carousel\" data-id=\"c11975f\" data-element_type=\"widget\" data-e-type=\"widget\" data-settings=\"{&quot;skin&quot;:&quot;carousel&quot;,&quot;effect&quot;:&quot;slide&quot;,&quot;show_arrows&quot;:&quot;yes&quot;,&quot;pagination&quot;:&quot;bullets&quot;,&quot;speed&quot;:500,&quot;loop&quot;:&quot;yes&quot;,&quot;space_between&quot;:{&quot;unit&quot;:&quot;px&quot;,&quot;size&quot;:10,&quot;sizes&quot;:[]},&quot;space_between_tablet&quot;:{&quot;unit&quot;:&quot;px&quot;,&quot;size&quot;:10,&quot;sizes&quot;:[]},&quot;space_between_mobile&quot;:{&quot;unit&quot;:&quot;px&quot;,&quot;size&quot;:10,&quot;sizes&quot;:[]}}\" data-widget_type=\"media-carousel.default\">\n\t\t\t\t<div class=\"elementor-widget-container\">\n\t\t\t\t\t\t\t\t\t<div class=\"elementor-swiper\">\n\t\t\t\t\t<div class=\"elementor-main-swiper swiper\" role=\"region\" aria-roledescription=\"carousel\" aria-label=\"Dias (slides)\">\n\t\t\t\t<div class=\"swiper-wrapper\">\n\t\t\t\t\t\t\t\t\t\t\t<div class=\"swiper-slide\" role=\"group\" aria-roledescription=\"slide\">\n\t\t\t\t\t\t\t<a href=\"https:\/\/games.tactic.net\/wp-content\/uploads\/2020\/04\/Tactic_henkil\u00f6kunta_2017_2-1024x746-1.jpg\" data-elementor-open-lightbox=\"yes\" data-elementor-lightbox-slideshow=\"c11975f\" data-e-action-hash=\"#elementor-action%3Aaction%3Dlightbox%26settings%3DeyJpZCI6NDY2MzQsInVybCI6Imh0dHBzOlwvXC9nYW1lcy50YWN0aWMubmV0XC93cC1jb250ZW50XC91cGxvYWRzXC8yMDIwXC8wNFwvVGFjdGljX2hlbmtpbFx1MDBmNmt1bnRhXzIwMTdfMi0xMDI0eDc0Ni0xLmpwZyIsInNsaWRlc2hvdyI6ImMxMTk3NWYifQ%3D%3D\">\t\t<div class=\"elementor-carousel-image\" role=\"img\" aria-label=\"Tactic_henkil\u00f6kunta_2017_2-1024x746\" style=\"background-image: url(&#039;https:\/\/games.tactic.net\/wp-content\/uploads\/2020\/04\/Tactic_henkil\u00f6kunta_2017_2-1024x746-1.jpg&#039;)\">\n\n\t\t\t\n\t\t\t\t\t<\/div>\n\t\t<\/a>\t\t\t\t\t\t<\/div>\n\t\t\t\t\t\t\t\t\t\t\t<div class=\"swiper-slide\" role=\"group\" aria-roledescription=\"slide\">\n\t\t\t\t\t\t\t<a href=\"https:\/\/games.tactic.net\/wp-content\/uploads\/2020\/02\/ihmisetpelientakana.png\" data-elementor-open-lightbox=\"yes\" data-elementor-lightbox-slideshow=\"c11975f\" data-e-action-hash=\"#elementor-action%3Aaction%3Dlightbox%26settings%3DeyJpZCI6MTAzOTgsInVybCI6Imh0dHBzOlwvXC9nYW1lcy50YWN0aWMubmV0XC93cC1jb250ZW50XC91cGxvYWRzXC8yMDIwXC8wMlwvaWhtaXNldHBlbGllbnRha2FuYS5wbmciLCJzbGlkZXNob3ciOiJjMTE5NzVmIn0%3D\" data-elementor-lightbox-video=\"https:\/\/www.youtube.com\/embed\/sRlEAAN1QXw?feature=oembed&amp;autoplay=1&amp;rel=0&amp;controls=0\">\t\t<div class=\"elementor-carousel-image\" role=\"img\" aria-label=\"Ihmiset pelien takana\" style=\"background-image: url(&#039;https:\/\/games.tactic.net\/wp-content\/uploads\/2020\/02\/ihmisetpelientakana.png&#039;)\">\n\n\t\t\t\n\t\t\t\t\t\t\t<div class=\"elementor-custom-embed-play\">\n\t\t\t\t\t<i aria-hidden=\"true\" class=\"eicon-play\"><\/i>\t\t\t\t\t<span class=\"elementor-screen-only\">Afspil<\/span>\n\t\t\t\t<\/div>\n\t\t\t\t\t<\/div>\n\t\t<\/a>\t\t\t\t\t\t<\/div>\n\t\t\t\t\t\t\t\t\t<\/div>\n\t\t\t\t\t\t\t\t\t\t\t\t\t\t\t<div class=\"elementor-swiper-button elementor-swiper-button-prev\" role=\"button\" tabindex=\"0\" aria-label=\"Tidligere\">\n\t\t\t\t\t\t\t<i aria-hidden=\"true\" class=\"eicon-chevron-left\"><\/i>\t\t\t\t\t\t<\/div>\n\t\t\t\t\t\t<div class=\"elementor-swiper-button elementor-swiper-button-next\" role=\"button\" tabindex=\"0\" aria-label=\"N\u00e6ste\">\n\t\t\t\t\t\t\t<i aria-hidden=\"true\" class=\"eicon-chevron-right\"><\/i>\t\t\t\t\t\t<\/div>\n\t\t\t\t\t\t\t\t\t\t\t\t\t\t\t\t<div class=\"swiper-pagination\"><\/div>\n\t\t\t\t\t\t\t\t\t\t\t\t<\/div>\n\t\t\t\t<\/div>\n\t\t\t\t\t\t\t\t<\/div>\n\t\t\t\t<\/div>\n\t\t\t\t\t<\/div>\n\t\t<\/div>\n\t\t\t\t\t<\/div>\n\t\t<\/section>\n\t\t\t\t<section class=\"elementor-section elementor-top-section elementor-element elementor-element-89ed565 elementor-section-boxed elementor-section-height-default elementor-section-height-default\" data-id=\"89ed565\" data-element_type=\"section\" data-e-type=\"section\">\n\t\t\t\t\t\t<div class=\"elementor-container elementor-column-gap-default\">\n\t\t\t\t\t<div class=\"elementor-column elementor-col-100 elementor-top-column elementor-element elementor-element-3c09338\" data-id=\"3c09338\" data-element_type=\"column\" data-e-type=\"column\">\n\t\t\t<div class=\"elementor-widget-wrap elementor-element-populated\">\n\t\t\t\t\t\t<div class=\"elementor-element elementor-element-78c6999 elementor-widget elementor-widget-spacer\" data-id=\"78c6999\" data-element_type=\"widget\" data-e-type=\"widget\" data-widget_type=\"spacer.default\">\n\t\t\t\t<div class=\"elementor-widget-container\">\n\t\t\t\t\t\t\t<div class=\"elementor-spacer\">\n\t\t\t<div class=\"elementor-spacer-inner\"><\/div>\n\t\t<\/div>\n\t\t\t\t\t\t<\/div>\n\t\t\t\t<\/div>\n\t\t\t\t\t<\/div>\n\t\t<\/div>\n\t\t\t\t\t<\/div>\n\t\t<\/section>\n\t\t\t\t<\/div>\n\t\t","protected":false},"excerpt":{"rendered":"<p>Ansvarlighed Den mest \u00f8kologiske spilproducent i Norden. Ansvarlighed betyder konkrete handlinger fra spilfabik til spillebord. Vi er stolte af vores h\u00f8je nordiske kvalitetsstandarder, vores specialistviden og vores ansvarsfulde holdning i milj\u00f8sp\u00f8rgsm\u00e5l. Finsk design er fremstillet for at klare b\u00e5de tid og slid. Dette g\u00e6lder ogs\u00e5 for vores spil og leget\u00f8j. I vores produktion genbruges pap [&hellip;]<\/p>\n","protected":false},"author":2,"featured_media":0,"parent":54569,"menu_order":2,"comment_status":"closed","ping_status":"closed","template":"","meta":{"content-type":"","_monsterinsights_skip_tracking":false,"_monsterinsights_sitenote_active":false,"_monsterinsights_sitenote_note":"","_monsterinsights_sitenote_category":0,"footnotes":""},"class_list":["post-54586","page","type-page","status-publish","hentry"],"aioseo_notices":[],"_links":{"self":[{"href":"https:\/\/games.tactic.net\/da\/wp-json\/wp\/v2\/pages\/54586","targetHints":{"allow":["GET"]}}],"collection":[{"href":"https:\/\/games.tactic.net\/da\/wp-json\/wp\/v2\/pages"}],"about":[{"href":"https:\/\/games.tactic.net\/da\/wp-json\/wp\/v2\/types\/page"}],"author":[{"embeddable":true,"href":"https:\/\/games.tactic.net\/da\/wp-json\/wp\/v2\/users\/2"}],"replies":[{"embeddable":true,"href":"https:\/\/games.tactic.net\/da\/wp-json\/wp\/v2\/comments?post=54586"}],"version-history":[{"count":13,"href":"https:\/\/games.tactic.net\/da\/wp-json\/wp\/v2\/pages\/54586\/revisions"}],"predecessor-version":[{"id":1358710,"href":"https:\/\/games.tactic.net\/da\/wp-json\/wp\/v2\/pages\/54586\/revisions\/1358710"}],"up":[{"embeddable":true,"href":"https:\/\/games.tactic.net\/da\/wp-json\/wp\/v2\/pages\/54569"}],"wp:attachment":[{"href":"https:\/\/games.tactic.net\/da\/wp-json\/wp\/v2\/media?parent=54586"}],"curies":[{"name":"wp","href":"https:\/\/api.w.org\/{rel}","templated":true}]}}