{"id":54576,"date":"2020-04-09T09:26:12","date_gmt":"2020-04-09T06:26:12","guid":{"rendered":"https:\/\/dev.tactic.net\/tactic\/tapa-toimia\/"},"modified":"2021-01-11T08:16:21","modified_gmt":"2021-01-11T06:16:21","slug":"etisk-kodeks","status":"publish","type":"page","link":"https:\/\/games.tactic.net\/da\/tactic\/etisk-kodeks\/","title":{"rendered":"Etisk kodeks"},"content":{"rendered":"\t\t<div data-elementor-type=\"wp-page\" data-elementor-id=\"54576\" class=\"elementor elementor-54576 elementor-46488\" data-elementor-post-type=\"page\">\n\t\t\t\t\t\t<section class=\"elementor-section elementor-top-section elementor-element elementor-element-74a0cd0 elementor-section-boxed elementor-section-height-default elementor-section-height-default\" data-id=\"74a0cd0\" data-element_type=\"section\" data-e-type=\"section\">\n\t\t\t\t\t\t<div class=\"elementor-container elementor-column-gap-default\">\n\t\t\t\t\t<div class=\"elementor-column elementor-col-100 elementor-top-column elementor-element elementor-element-a911790\" data-id=\"a911790\" data-element_type=\"column\" data-e-type=\"column\">\n\t\t\t<div class=\"elementor-widget-wrap elementor-element-populated\">\n\t\t\t\t\t\t<div class=\"elementor-element elementor-element-5293031 elementor-widget elementor-widget-heading\" data-id=\"5293031\" data-element_type=\"widget\" data-e-type=\"widget\" data-widget_type=\"heading.default\">\n\t\t\t\t<div class=\"elementor-widget-container\">\n\t\t\t\t\t<h2 class=\"elementor-heading-title elementor-size-default\">Etisk kodeks<\/h2>\t\t\t\t<\/div>\n\t\t\t\t<\/div>\n\t\t\t\t\t<\/div>\n\t\t<\/div>\n\t\t\t\t\t<\/div>\n\t\t<\/section>\n\t\t\t\t<section class=\"elementor-section elementor-top-section elementor-element elementor-element-ebcd2a2 elementor-section-boxed elementor-section-height-default elementor-section-height-default\" data-id=\"ebcd2a2\" data-element_type=\"section\" data-e-type=\"section\">\n\t\t\t\t\t\t<div class=\"elementor-container elementor-column-gap-default\">\n\t\t\t\t\t<div class=\"elementor-column elementor-col-100 elementor-top-column elementor-element elementor-element-ade44e2\" data-id=\"ade44e2\" data-element_type=\"column\" data-e-type=\"column\">\n\t\t\t<div class=\"elementor-widget-wrap elementor-element-populated\">\n\t\t\t\t\t\t<div class=\"elementor-element elementor-element-cb7c951 elementor-widget elementor-widget-heading\" data-id=\"cb7c951\" data-element_type=\"widget\" data-e-type=\"widget\" data-widget_type=\"heading.default\">\n\t\t\t\t<div class=\"elementor-widget-container\">\n\t\t\t\t\t<h1 class=\"elementor-heading-title elementor-size-default\">Vi skaber spil med hjertet.<\/h1>\t\t\t\t<\/div>\n\t\t\t\t<\/div>\n\t\t\t\t\t<\/div>\n\t\t<\/div>\n\t\t\t\t\t<\/div>\n\t\t<\/section>\n\t\t\t\t<section class=\"elementor-section elementor-top-section elementor-element elementor-element-686c801 elementor-section-boxed elementor-section-height-default elementor-section-height-default\" data-id=\"686c801\" data-element_type=\"section\" data-e-type=\"section\">\n\t\t\t\t\t\t<div class=\"elementor-container elementor-column-gap-default\">\n\t\t\t\t\t<div class=\"elementor-column elementor-col-100 elementor-top-column elementor-element elementor-element-79338bb\" data-id=\"79338bb\" data-element_type=\"column\" data-e-type=\"column\">\n\t\t\t<div class=\"elementor-widget-wrap elementor-element-populated\">\n\t\t\t\t\t\t<div class=\"elementor-element elementor-element-92be930 elementor-widget elementor-widget-text-editor\" data-id=\"92be930\" data-element_type=\"widget\" data-e-type=\"widget\" data-widget_type=\"text-editor.default\">\n\t\t\t\t<div class=\"elementor-widget-container\">\n\t\t\t\t\t\t\t\t\t<p>Tactics styrende principper har v\u00e6ret de samme fra dag et. Vi vil stadig tilbyde familier og venner f\u00e6lles \u00f8jeblikke, som bliver til v\u00e6rdifulde minder. Vi str\u00e6ber kontinuerligt efter at producere livlige finske spil og leget\u00f8jsprodukter langt ind i fremtiden.<\/p><p>Vi fremstiller kvalitetsprodukter med et stort hjerte, som hvis vi lavede dem til vores egne familier. At tilbringe kvalitetstid sammen med sine k\u00e6re er vigtigere end nogensinde. Derfor er ansvarlighed og en etisk, milj\u00f8m\u00e6ssig tankegang kernen i vores produktionsproces.<\/p><p>De finske r\u00f8dder er vigtige for os. Vi er stolte over, at langt de fleste af vores produkter skabes i Finland, og hvert eneste br\u00e6tspil produceres i finske Pori. Vi er en betydelig arbejdsgiver og en n\u00f8gleakt\u00f8r i opbygningen af regionens konkurrenceevne.<\/p>\t\t\t\t\t\t\t\t<\/div>\n\t\t\t\t<\/div>\n\t\t\t\t\t<\/div>\n\t\t<\/div>\n\t\t\t\t\t<\/div>\n\t\t<\/section>\n\t\t\t\t<section class=\"elementor-section elementor-top-section elementor-element elementor-element-5fc610e elementor-section-boxed elementor-section-height-default elementor-section-height-default\" data-id=\"5fc610e\" data-element_type=\"section\" data-e-type=\"section\">\n\t\t\t\t\t\t<div class=\"elementor-container elementor-column-gap-default\">\n\t\t\t\t\t<div class=\"elementor-column elementor-col-100 elementor-top-column elementor-element elementor-element-5ec5ebe\" data-id=\"5ec5ebe\" data-element_type=\"column\" data-e-type=\"column\">\n\t\t\t<div class=\"elementor-widget-wrap elementor-element-populated\">\n\t\t\t\t\t\t<div class=\"elementor-element elementor-element-f0f259e elementor-widget elementor-widget-heading\" data-id=\"f0f259e\" data-element_type=\"widget\" data-e-type=\"widget\" data-widget_type=\"heading.default\">\n\t\t\t\t<div class=\"elementor-widget-container\">\n\t\t\t\t\t<h3 class=\"elementor-heading-title elementor-size-default\">V\u00e6rdier viser vejen.<\/h3>\t\t\t\t<\/div>\n\t\t\t\t<\/div>\n\t\t\t\t\t<\/div>\n\t\t<\/div>\n\t\t\t\t\t<\/div>\n\t\t<\/section>\n\t\t\t\t<section class=\"elementor-section elementor-top-section elementor-element elementor-element-ee46874 elementor-section-boxed elementor-section-height-default elementor-section-height-default\" data-id=\"ee46874\" data-element_type=\"section\" data-e-type=\"section\">\n\t\t\t\t\t\t<div class=\"elementor-container elementor-column-gap-default\">\n\t\t\t\t\t<div class=\"elementor-column elementor-col-100 elementor-top-column elementor-element elementor-element-df6751d\" data-id=\"df6751d\" data-element_type=\"column\" data-e-type=\"column\">\n\t\t\t<div class=\"elementor-widget-wrap elementor-element-populated\">\n\t\t\t\t\t\t<div class=\"elementor-element elementor-element-f620978 elementor-widget elementor-widget-text-editor\" data-id=\"f620978\" data-element_type=\"widget\" data-e-type=\"widget\" data-widget_type=\"text-editor.default\">\n\t\t\t\t<div class=\"elementor-widget-container\">\n\t\t\t\t\t\t\t\t\t<p><strong>Positiv<\/strong><br \/>Vi vil sprede gl\u00e6de gennem spil. Millioner af familier og venner verden over samles rundt om vores br\u00e6tspil for at tilbringe kvalitetstid sammen.<\/p><p><strong>Social<\/strong><br \/>Spil nydes bedst i godt selskab. Br\u00e6tspil udvikler tankegang, hukommelse og strategiske evner hos b\u00e5de unge og gamle &#8211; og holder dem v\u00e6k fra sk\u00e6rmen. <\/p><p><strong>Underholdende<\/strong><br \/>Hovedm\u00e5let med vores spil er underholdning. Vi ved, vi er lykkedes, n\u00e5r vores spil spilles igen og igen, fra generation til generation.<\/p><p><strong>\u00c6rlig<\/strong><br \/>Den finske udholdenhed &#8220;sisu&#8221; og \u00e6rlighed viser os vejen, n\u00e5r vi forhandler med kunder og partnere. Vi er h\u00e5rde, men retf\u00e6rdige.<\/p><p><strong>Ansvarsfuld<\/strong><br \/>Vi er en ansvarsfuld familievirksomhed. \u00d8kologisk t\u00e6nkning og b\u00e6redygtighed er kernen i vores produkter og hele produktionsk\u00e6den.<\/p>\t\t\t\t\t\t\t\t<\/div>\n\t\t\t\t<\/div>\n\t\t\t\t<div class=\"elementor-element elementor-element-5767b67 elementor-widget elementor-widget-spacer\" data-id=\"5767b67\" data-element_type=\"widget\" data-e-type=\"widget\" data-widget_type=\"spacer.default\">\n\t\t\t\t<div class=\"elementor-widget-container\">\n\t\t\t\t\t\t\t<div class=\"elementor-spacer\">\n\t\t\t<div class=\"elementor-spacer-inner\"><\/div>\n\t\t<\/div>\n\t\t\t\t\t\t<\/div>\n\t\t\t\t<\/div>\n\t\t\t\t\t<\/div>\n\t\t<\/div>\n\t\t\t\t\t<\/div>\n\t\t<\/section>\n\t\t\t\t<\/div>\n\t\t","protected":false},"excerpt":{"rendered":"<p>Etisk kodeks Vi skaber spil med hjertet. Tactics styrende principper har v\u00e6ret de samme fra dag et. Vi vil stadig tilbyde familier og venner f\u00e6lles \u00f8jeblikke, som bliver til v\u00e6rdifulde minder. Vi str\u00e6ber kontinuerligt efter at producere livlige finske spil og leget\u00f8jsprodukter langt ind i fremtiden. Vi fremstiller kvalitetsprodukter med et stort hjerte, som hvis [&hellip;]<\/p>\n","protected":false},"author":2,"featured_media":0,"parent":54569,"menu_order":1,"comment_status":"closed","ping_status":"closed","template":"","meta":{"content-type":"","_monsterinsights_skip_tracking":false,"_monsterinsights_sitenote_active":false,"_monsterinsights_sitenote_note":"","_monsterinsights_sitenote_category":0,"footnotes":""},"class_list":["post-54576","page","type-page","status-publish","hentry"],"aioseo_notices":[],"_links":{"self":[{"href":"https:\/\/games.tactic.net\/da\/wp-json\/wp\/v2\/pages\/54576","targetHints":{"allow":["GET"]}}],"collection":[{"href":"https:\/\/games.tactic.net\/da\/wp-json\/wp\/v2\/pages"}],"about":[{"href":"https:\/\/games.tactic.net\/da\/wp-json\/wp\/v2\/types\/page"}],"author":[{"embeddable":true,"href":"https:\/\/games.tactic.net\/da\/wp-json\/wp\/v2\/users\/2"}],"replies":[{"embeddable":true,"href":"https:\/\/games.tactic.net\/da\/wp-json\/wp\/v2\/comments?post=54576"}],"version-history":[{"count":7,"href":"https:\/\/games.tactic.net\/da\/wp-json\/wp\/v2\/pages\/54576\/revisions"}],"predecessor-version":[{"id":54584,"href":"https:\/\/games.tactic.net\/da\/wp-json\/wp\/v2\/pages\/54576\/revisions\/54584"}],"up":[{"embeddable":true,"href":"https:\/\/games.tactic.net\/da\/wp-json\/wp\/v2\/pages\/54569"}],"wp:attachment":[{"href":"https:\/\/games.tactic.net\/da\/wp-json\/wp\/v2\/media?parent=54576"}],"curies":[{"name":"wp","href":"https:\/\/api.w.org\/{rel}","templated":true}]}}